{"id":95,"date":"2019-10-11T19:06:30","date_gmt":"2019-10-11T19:06:30","guid":{"rendered":"http:\/\/just-diving.com\/?page_id=95"},"modified":"2019-10-14T17:02:24","modified_gmt":"2019-10-14T17:02:24","slug":"open-water-scuba-diver","status":"publish","type":"page","link":"https:\/\/just-diving.com\/?page_id=95","title":{"rendered":"Open Water Scuba Diver"},"content":{"rendered":"<div id=\"c450\">\n<div>\n<p><strong>Beschreibung<\/strong><\/p>\n<\/div>\n<div>Dieser Kurs wurde geschaffen um Sch\u00fclern, das notwendige Wissen und K\u00f6nnen zu vermitteln, um in<\/div>\n<div>Gew\u00e4ssern, die dem Schulungsgew\u00e4ssern \u00e4hnlich sind, im sicherem Rahmen, ohne direkte Aufsicht eines Instructors Tauchg\u00e4nge planen und durchf\u00fchren zu k\u00f6nnen.<\/div>\n<p>Diese Fertigkeiten beinhalten z.B. Tarierung, Montage der Ausr\u00fcstung, Tauchgangsplanung, sichere Durchf\u00fchrung des Tauchgangs und Pflege der Ausr\u00fcstung.<\/p>\n<p>Der Kurs beinhaltet das gesamte Basiswissen \u00fcber Ausr\u00fcstung, Physiologie und Unterwasserwelt. Im praktischen Teil trainiert der Sch\u00fcler Basisfertigkeiten unter Wasser im Pool\/ begrenzten Freiwasser und Freiwasser.<\/p>\n<p>Dieser Kurs ist das Sprungbrett, um Tauchziele \u00fcberall auf der Welt oder auch nur in der Nachbarschaft zu erkunden.<\/p>\n<p><strong>Voraussetzungen:<\/strong><\/p>\n<ul>\n<li>Mindestalter 18 Jahre, von 10 bis 17 Jahren mit schriftlicher Einverst\u00e4ndniserkl\u00e4rung des Erziehungsberechtigten<\/li>\n<li>Teilnehmer im Alter von 10 bis 14 Jahren k\u00f6nnen eine Junior Open Water Scuba Diver Zertifizierung erhalten, wenn folgende Voraussetzungen erf\u00fcllt sind: Junior Teilnehmer m\u00fcssen unter der direkten Aufsicht eines Erziehungsberechtigten, oder eines aktiven Professionals tauchen.<\/li>\n<li>Wenn der SDI Junior Open Water Diver das Alter von 15 Jahren erreicht hat, kann diese Junior Zertifizierung in eine SDI Open Water Scuba Diver Zertifizierung umgeschrieben werden.<\/li>\n<\/ul>\n<p><strong>Kursinhalt:<\/strong><\/p>\n<ul>\n<li>5 theoretische Unterrichtslektionen oder eLearning schon vorab<\/li>\n<li>4 praktische Unterrichtslektionen im begrenzten Freiwasser\/Bodensee<\/li>\n<li>4 Freiwassertauchg\u00e4nge<\/li>\n<\/ul>\n<p>Zum Kurs stellen wir Dir modernstes Equipment zur Verf\u00fcgung: Eine komplette Tauchausr\u00fcstung incl. Anzug, Lungenautomat, Jacket, Pressluftflaschen etc. Nach dem Kurs bist Du in der Lage, Dich richtig und komfotabel unter Wasser zu bewegen unter Beachtung aller Sicherheits-Standards. Du erh\u00e4ltst das \u2013 SDI Open Water Scuba Diver Brevet \u2013 eine Berechtigung weltweit zu tauchen. Die empfohlene Tauchtiefe betr\u00e4gt dabei max. 18m.<\/p>\n<\/div>\n<p>&nbsp;<\/p>\n<p>Formulare zum Download<\/p>\n<p><a href=\"http:\/\/just-diving.com\/wp-content\/uploads\/2019\/10\/05-SDI-TDI-German-Medical-Statement-ausgef\u00fcllt.pdf\">SDI TDI German Medical Statement<\/a><\/p>\n<p><a href=\"http:\/\/just-diving.com\/wp-content\/uploads\/2019\/10\/03-SDI-German-Haftungsanerkennung-ausgef\u00fcllt.pdf\">SDI German Haftungsanerkennung<\/a><\/p>\n<p><a href=\"http:\/\/just-diving.com\/wp-content\/uploads\/2019\/10\/04-SDI-Genereller-Haftungsausschluss-und-Anerkennung-der-Risken.pdf\">SDI Genereller Haftungsausschluss und Anerkennung der Risken<\/a><\/p>\n<p><a href=\"http:\/\/just-diving.com\/wp-content\/uploads\/2019\/10\/02-Anmeldung-Kurs.pdf\">Anmeldung zum Kurs<\/a><\/p>\n<p>(Stand 01.01.2018)<\/p>\n","protected":false},"excerpt":{"rendered":"<p>Beschreibung Dieser Kurs wurde geschaffen um Sch\u00fclern, das notwendige Wissen und K\u00f6nnen zu vermitteln, um in Gew\u00e4ssern, die dem Schulungsgew\u00e4ssern \u00e4hnlich sind, im sicherem Rahmen, ohne direkte Aufsicht eines Instructors Tauchg\u00e4nge planen und durchf\u00fchren zu k\u00f6nnen. Diese Fertigkeiten beinhalten z.B.&hellip; <\/p>\n","protected":false},"author":1,"featured_media":0,"parent":0,"menu_order":0,"comment_status":"closed","ping_status":"closed","template":"","meta":{"footnotes":""},"_links":{"self":[{"href":"https:\/\/just-diving.com\/index.php?rest_route=\/wp\/v2\/pages\/95"}],"collection":[{"href":"https:\/\/just-diving.com\/index.php?rest_route=\/wp\/v2\/pages"}],"about":[{"href":"https:\/\/just-diving.com\/index.php?rest_route=\/wp\/v2\/types\/page"}],"author":[{"embeddable":true,"href":"https:\/\/just-diving.com\/index.php?rest_route=\/wp\/v2\/users\/1"}],"replies":[{"embeddable":true,"href":"https:\/\/just-diving.com\/index.php?rest_route=%2Fwp%2Fv2%2Fcomments&post=95"}],"version-history":[{"count":6,"href":"https:\/\/just-diving.com\/index.php?rest_route=\/wp\/v2\/pages\/95\/revisions"}],"predecessor-version":[{"id":695,"href":"https:\/\/just-diving.com\/index.php?rest_route=\/wp\/v2\/pages\/95\/revisions\/695"}],"wp:attachment":[{"href":"https:\/\/just-diving.com\/index.php?rest_route=%2Fwp%2Fv2%2Fmedia&parent=95"}],"curies":[{"name":"wp","href":"https:\/\/api.w.org\/{rel}","templated":true}]}}