{"id":93,"date":"2019-10-11T19:05:50","date_gmt":"2019-10-11T19:05:50","guid":{"rendered":"http:\/\/just-diving.com\/?page_id=93"},"modified":"2019-10-14T16:56:52","modified_gmt":"2019-10-14T16:56:52","slug":"schnuppertauchen","status":"publish","type":"page","link":"https:\/\/just-diving.com\/?page_id=93","title":{"rendered":"Schnuppertauchen"},"content":{"rendered":"<div class=\"entry-content clearfix\">\n<p><strong>Beschreibung<\/strong><\/p>\n<p>Das Schnuppertauchen bietet dir die M\u00f6glichkeit, in einem gesch\u00fctzten Rahmen und unter Anleitung eines Tauchlehrers erste Erfahrungen zu machen. Neben einer Einweisung in die Tauchausr\u00fcstung werden fundamentale \u00dcbungen absolviert.<\/p>\n<p>Nat\u00fcrlich drehst Du auch einige Runden im 3 Meter tiefen Becken und erlebst das Gef\u00fchl der Schwerelosigkeit. Keine Sorge, wir k\u00f6nnen uns noch gut an unser &#8222;erstes Mal&#8220; erinnern und werden dir ein einmaliges Erlebnis mit Suchtfaktor vermitteln.<br \/>\nVoraussetzung ist ein Mindestalter von 10 Jahren als auch die Tauchtauglichkeit.<\/p>\n<p>Scuba Discovery &#8222;Schnuppertauchen&#8220; Du m\u00f6chtest gerne einmal die Unterwasserwelt erfahren?<\/p>\n<p>Bei einem sp\u00e4teren Tauchkurs wird dieser Beitrag sogar noch angerechnet.<\/p>\n<\/div>\n<p>&nbsp;<\/p>\n<p>Formulare zum Download<\/p>\n<p><a href=\"http:\/\/just-diving.com\/wp-content\/uploads\/2019\/10\/05-SDI-TDI-German-Medical-Statement-ausgef\u00fcllt.pdf\">SDI TDI German Medical Statement<\/a><\/p>\n<p><a href=\"http:\/\/just-diving.com\/wp-content\/uploads\/2019\/10\/03-SDI-German-Haftungsanerkennung-ausgef\u00fcllt.pdf\">SDI German Haftungsanerkennung<\/a><\/p>\n<p><a href=\"http:\/\/just-diving.com\/wp-content\/uploads\/2019\/10\/04-SDI-Genereller-Haftungsausschluss-und-Anerkennung-der-Risken.pdf\">SDI Genereller Haftungsausschluss und Anerkennung der Risken<\/a><\/p>\n<p><a href=\"http:\/\/just-diving.com\/wp-content\/uploads\/2019\/10\/02-Anmeldung-Kurs.pdf\">Anmeldung zum Kurs<\/a><\/p>\n","protected":false},"excerpt":{"rendered":"<p>Beschreibung Das Schnuppertauchen bietet dir die M\u00f6glichkeit, in einem gesch\u00fctzten Rahmen und unter Anleitung eines Tauchlehrers erste Erfahrungen zu machen. Neben einer Einweisung in die Tauchausr\u00fcstung werden fundamentale \u00dcbungen absolviert. Nat\u00fcrlich drehst Du auch einige Runden im 3 Meter tiefen&hellip; <\/p>\n","protected":false},"author":1,"featured_media":0,"parent":0,"menu_order":0,"comment_status":"closed","ping_status":"closed","template":"","meta":{"footnotes":""},"_links":{"self":[{"href":"https:\/\/just-diving.com\/index.php?rest_route=\/wp\/v2\/pages\/93"}],"collection":[{"href":"https:\/\/just-diving.com\/index.php?rest_route=\/wp\/v2\/pages"}],"about":[{"href":"https:\/\/just-diving.com\/index.php?rest_route=\/wp\/v2\/types\/page"}],"author":[{"embeddable":true,"href":"https:\/\/just-diving.com\/index.php?rest_route=\/wp\/v2\/users\/1"}],"replies":[{"embeddable":true,"href":"https:\/\/just-diving.com\/index.php?rest_route=%2Fwp%2Fv2%2Fcomments&post=93"}],"version-history":[{"count":4,"href":"https:\/\/just-diving.com\/index.php?rest_route=\/wp\/v2\/pages\/93\/revisions"}],"predecessor-version":[{"id":689,"href":"https:\/\/just-diving.com\/index.php?rest_route=\/wp\/v2\/pages\/93\/revisions\/689"}],"wp:attachment":[{"href":"https:\/\/just-diving.com\/index.php?rest_route=%2Fwp%2Fv2%2Fmedia&parent=93"}],"curies":[{"name":"wp","href":"https:\/\/api.w.org\/{rel}","templated":true}]}}