{"id":438,"date":"2019-10-13T12:18:16","date_gmt":"2019-10-13T12:18:16","guid":{"rendered":"http:\/\/just-diving.com\/?page_id=438"},"modified":"2019-10-14T17:05:56","modified_gmt":"2019-10-14T17:05:56","slug":"marine-ecosystems-awareness-diver","status":"publish","type":"page","link":"https:\/\/just-diving.com\/?page_id=438","title":{"rendered":"Marine Ecosystems Awareness Diver"},"content":{"rendered":"<div id=\"c489\">\n<div>\n<p><strong>Beschreibung<\/strong><\/p>\n<\/div>\n<div>Taucher haben im Allgemeinen ein erh\u00f6htes Interesse an der Unterwasserumgebung. Jedoch fehlt ihnen oftmals Hintergrundinformation \u00fcber die verschiedenen Umgebungen. Dieses Specialty soll dem Taucher eine umfassendere \u00dcbersicht \u00fcber das Verstehen der Unterwasserumgebung vermitteln, f\u00fcr Salz- und S\u00fc\u00dfwasserumgebungen. Damit versteht der Taucher auch die damit zusammenh\u00e4ngenden Problematiken und ist besser in der Lage diese Unterwasserumgebung zu sch\u00fctzen.<\/div>\n<\/div>\n<div>\n<p>Teilnehmervoraussetzungen:<\/p>\n<ul>\n<li>SDI Open Water Scuba Diver, SDI Junior Open Water Scuba Diver oder vergleichbar<\/li>\n<li>Mindestens 18 Jahre alt, 10 mit schriftlichem Einverst\u00e4ndnis des Erziehungsberechtigten<\/li>\n<\/ul>\n<\/div>\n<p>&nbsp;<\/p>\n<p>Formulare zum Download<\/p>\n<p><a href=\"http:\/\/just-diving.com\/wp-content\/uploads\/2019\/10\/05-SDI-TDI-German-Medical-Statement-ausgef\u00fcllt.pdf\">SDI TDI German Medical Statement<\/a><\/p>\n<p><a href=\"http:\/\/just-diving.com\/wp-content\/uploads\/2019\/10\/03-SDI-German-Haftungsanerkennung-ausgef\u00fcllt.pdf\">SDI German Haftungsanerkennung<\/a><\/p>\n<p><a href=\"http:\/\/just-diving.com\/wp-content\/uploads\/2019\/10\/04-SDI-Genereller-Haftungsausschluss-und-Anerkennung-der-Risken.pdf\">SDI Genereller Haftungsausschluss und Anerkennung der Risken<\/a><\/p>\n<p><a href=\"http:\/\/just-diving.com\/wp-content\/uploads\/2019\/10\/02-Anmeldung-Kurs.pdf\">Anmeldung zum Kurs<\/a><\/p>\n<div>\n<p>&nbsp;<\/p>\n<p>(Stand 01.01.2018)<\/p>\n<\/div>\n","protected":false},"excerpt":{"rendered":"<p>Beschreibung Taucher haben im Allgemeinen ein erh\u00f6htes Interesse an der Unterwasserumgebung. Jedoch fehlt ihnen oftmals Hintergrundinformation \u00fcber die verschiedenen Umgebungen. Dieses Specialty soll dem Taucher eine umfassendere \u00dcbersicht \u00fcber das Verstehen der Unterwasserumgebung vermitteln, f\u00fcr Salz- und S\u00fc\u00dfwasserumgebungen. Damit versteht&hellip; <\/p>\n","protected":false},"author":2,"featured_media":0,"parent":0,"menu_order":0,"comment_status":"closed","ping_status":"closed","template":"","meta":{"footnotes":""},"_links":{"self":[{"href":"https:\/\/just-diving.com\/index.php?rest_route=\/wp\/v2\/pages\/438"}],"collection":[{"href":"https:\/\/just-diving.com\/index.php?rest_route=\/wp\/v2\/pages"}],"about":[{"href":"https:\/\/just-diving.com\/index.php?rest_route=\/wp\/v2\/types\/page"}],"author":[{"embeddable":true,"href":"https:\/\/just-diving.com\/index.php?rest_route=\/wp\/v2\/users\/2"}],"replies":[{"embeddable":true,"href":"https:\/\/just-diving.com\/index.php?rest_route=%2Fwp%2Fv2%2Fcomments&post=438"}],"version-history":[{"count":4,"href":"https:\/\/just-diving.com\/index.php?rest_route=\/wp\/v2\/pages\/438\/revisions"}],"predecessor-version":[{"id":705,"href":"https:\/\/just-diving.com\/index.php?rest_route=\/wp\/v2\/pages\/438\/revisions\/705"}],"wp:attachment":[{"href":"https:\/\/just-diving.com\/index.php?rest_route=%2Fwp%2Fv2%2Fmedia&parent=438"}],"curies":[{"name":"wp","href":"https:\/\/api.w.org\/{rel}","templated":true}]}}