{"id":355,"date":"2019-10-13T10:43:51","date_gmt":"2019-10-13T10:43:51","guid":{"rendered":"http:\/\/just-diving.com\/?page_id=355"},"modified":"2019-10-14T08:33:04","modified_gmt":"2019-10-14T08:33:04","slug":"inactive-diver-refresher","status":"publish","type":"page","link":"https:\/\/just-diving.com\/?page_id=355","title":{"rendered":"Inactive Diver \/ Refresher"},"content":{"rendered":"<header class=\"entry-header\">\n<h1 class=\"entry-title \"><span style=\"font-size: 1.0625rem;\">Beschreibung<\/span><\/h1>\n<\/header>\n<div class=\"entry-content\">\n<div id=\"col3_innen\">\n<div id=\"c453\">\n<div>Das SDI Inaktiver Taucher Programm wurde geschaffen um Tauchern die l\u00e4ngere Zeit nicht getaucht sind, die M\u00f6glichkeit zu geben Ihre Kenntnisse und Fertigkeiten aufzufrischen.<\/div>\n<p>W\u00e4hrend des Kurses wird Ihr SDI Instruktor Ausr\u00fcstungszusammenbau und Wartung, Tauchgangsplanung, Handsignale, richtige Auf- und Abstiege, Notfallverfahren und Tarieren mit Ihnen wiederholen. Nach Beendigung dieses Kurses sind Sie wieder in der Lage Ihre Tauchg\u00e4nge sicher und entspannend durchzuf\u00fchren.<\/p>\n<p>&nbsp;<\/p>\n<\/div>\n<div id=\"c454\">\n<div><\/div>\n<div>Um an diesem Programm teilnehmen zu k\u00f6nnen muss der Teilnehmer mindestens folgende Zertifizierungen nachweisen:<\/div>\n<ul>\n<li>SDI Open Water Scuba Diver oder vergleichbare Zertifizierung einer anerkannten Federation<\/li>\n<\/ul>\n<\/div>\n<\/div>\n<\/div>\n<p>&nbsp;<\/p>\n<p>Formulare zum Download<\/p>\n<p><a href=\"http:\/\/just-diving.com\/wp-content\/uploads\/2019\/10\/05-SDI-TDI-German-Medical-Statement-ausgef\u00fcllt.pdf\">SDI TDI German Medical Statement<\/a><\/p>\n<p><a href=\"http:\/\/just-diving.com\/wp-content\/uploads\/2019\/10\/03-SDI-German-Haftungsanerkennung-ausgef\u00fcllt.pdf\">SDI German Haftungsanerkennung<\/a><\/p>\n<p><a href=\"http:\/\/just-diving.com\/wp-content\/uploads\/2019\/10\/04-SDI-Genereller-Haftungsausschluss-und-Anerkennung-der-Risken.pdf\">SDI Genereller Haftungsausschluss und Anerkennung der Risken<\/a><\/p>\n<p><a href=\"http:\/\/just-diving.com\/wp-content\/uploads\/2019\/10\/02-Anmeldung-Kurs.pdf\">Anmeldung zum Kurs<\/a><\/p>\n<div class=\"entry-content\">\n<div id=\"col3_innen\">\n<div id=\"c454\">\n<p>(Stand 01.01.2018)<\/p>\n<\/div>\n<\/div>\n<\/div>\n","protected":false},"excerpt":{"rendered":"<p>Beschreibung Das SDI Inaktiver Taucher Programm wurde geschaffen um Tauchern die l\u00e4ngere Zeit nicht getaucht sind, die M\u00f6glichkeit zu geben Ihre Kenntnisse und Fertigkeiten aufzufrischen. W\u00e4hrend des Kurses wird Ihr SDI Instruktor Ausr\u00fcstungszusammenbau und Wartung, Tauchgangsplanung, Handsignale, richtige Auf- und&hellip; <\/p>\n","protected":false},"author":2,"featured_media":0,"parent":0,"menu_order":0,"comment_status":"closed","ping_status":"closed","template":"","meta":{"footnotes":""},"_links":{"self":[{"href":"https:\/\/just-diving.com\/index.php?rest_route=\/wp\/v2\/pages\/355"}],"collection":[{"href":"https:\/\/just-diving.com\/index.php?rest_route=\/wp\/v2\/pages"}],"about":[{"href":"https:\/\/just-diving.com\/index.php?rest_route=\/wp\/v2\/types\/page"}],"author":[{"embeddable":true,"href":"https:\/\/just-diving.com\/index.php?rest_route=\/wp\/v2\/users\/2"}],"replies":[{"embeddable":true,"href":"https:\/\/just-diving.com\/index.php?rest_route=%2Fwp%2Fv2%2Fcomments&post=355"}],"version-history":[{"count":4,"href":"https:\/\/just-diving.com\/index.php?rest_route=\/wp\/v2\/pages\/355\/revisions"}],"predecessor-version":[{"id":611,"href":"https:\/\/just-diving.com\/index.php?rest_route=\/wp\/v2\/pages\/355\/revisions\/611"}],"wp:attachment":[{"href":"https:\/\/just-diving.com\/index.php?rest_route=%2Fwp%2Fv2%2Fmedia&parent=355"}],"curies":[{"name":"wp","href":"https:\/\/api.w.org\/{rel}","templated":true}]}}