{"id":352,"date":"2019-10-13T10:41:44","date_gmt":"2019-10-13T10:41:44","guid":{"rendered":"http:\/\/just-diving.com\/?page_id=352"},"modified":"2019-10-14T08:31:03","modified_gmt":"2019-10-14T08:31:03","slug":"master-scuba-diver","status":"publish","type":"page","link":"https:\/\/just-diving.com\/?page_id=352","title":{"rendered":"Master Scuba Diver"},"content":{"rendered":"<header class=\"entry-header\">\n<h1 class=\"entry-title \"><span style=\"font-size: 1.0625rem;\">Beschreibung<\/span><\/h1>\n<\/header>\n<div class=\"entry-content\">\n<div id=\"col3_innen\">\n<div id=\"c459\">\n<div>Das SDI Master Scuba Diver Development wurde entwickelt um Tauchern die sich nicht auf Pro Level weiterbilden wollen die M\u00f6glichkeit zu geben ein wirklicher Master Diver zu werden. Um SDI Master Scuba Diver zu werden muss ein Open Water Diver 4 SDI Specialties und den SDI Rescue Diver Kurs absolvieren und 50 geloggte Tauchg\u00e4nge nachweisen. Damit kann er dann den Master Scuba Diver beantragen, die h\u00f6chste Zertifizierung ausserhalb des Pro Levels<\/div>\n<\/div>\n<div>\n<h3>Anforderungen zur Zertifizierung:<\/h3>\n<div>Master Scuba Diver Zertifizierungsvorgehensweise f\u00fcr Tauchsch\u00fcler:<\/div>\n<div><\/div>\n<ul>\n<li>Absolvieren von 4 SDI, TDI oder ERDI Specialty Kursen oder vergleichbar; lediglich 1 \u201eTrockenes Specialty\u201c als Kurs ohne Tauchg\u00e4nge ist akzeptabel, und anrechenbar auf die Master Diver Zertifizierung, mit der Ausnahmen von Nitrox<\/li>\n<li>Nachweis \u00fcber mindestens 50 geloggte Tauchg\u00e4nge<\/li>\n<li>Absolvieren des SDI Rescue Diver Kurses oder vergleichbare Zertifizierung<\/li>\n<li>Wenn alle Voraussetzungen erf\u00fcllt sind, kann die entsprechende SDI Zertifizierung ausgestellt werden. M\u00f6gliche Zertifizierungsm\u00f6glichkeiten sind: das \u00fcbermitteln des ausgef\u00fcllten SDI Diver Registration Formulars an das SDI Headquarter\/Regionale Office, oder die online Registrierung auf der SDI\/TDI\/ERDI Website Anforderungen f\u00fcr unter 18 j\u00e4hrige, die o.g. Voraussetzungen, jedoch sind nur die Specialties erlaubt, die f\u00fcr das entsprechende Alter zugelassen sind.<\/li>\n<\/ul>\n<\/div>\n<\/div>\n<\/div>\n<p>&nbsp;<\/p>\n<p>Formulare zum Download<\/p>\n<p><a href=\"http:\/\/just-diving.com\/wp-content\/uploads\/2019\/10\/02-Anmeldung-Kurs.pdf\">Anmeldung zum Kurs<\/a><\/p>\n<div class=\"entry-content\">\n<p>&nbsp;<\/p>\n<p>(Stand 01.01.2018)<\/p>\n<\/div>\n","protected":false},"excerpt":{"rendered":"<p>Beschreibung Das SDI Master Scuba Diver Development wurde entwickelt um Tauchern die sich nicht auf Pro Level weiterbilden wollen die M\u00f6glichkeit zu geben ein wirklicher Master Diver zu werden. Um SDI Master Scuba Diver zu werden muss ein Open Water&hellip; <\/p>\n","protected":false},"author":2,"featured_media":0,"parent":0,"menu_order":0,"comment_status":"closed","ping_status":"closed","template":"","meta":{"footnotes":""},"_links":{"self":[{"href":"https:\/\/just-diving.com\/index.php?rest_route=\/wp\/v2\/pages\/352"}],"collection":[{"href":"https:\/\/just-diving.com\/index.php?rest_route=\/wp\/v2\/pages"}],"about":[{"href":"https:\/\/just-diving.com\/index.php?rest_route=\/wp\/v2\/types\/page"}],"author":[{"embeddable":true,"href":"https:\/\/just-diving.com\/index.php?rest_route=\/wp\/v2\/users\/2"}],"replies":[{"embeddable":true,"href":"https:\/\/just-diving.com\/index.php?rest_route=%2Fwp%2Fv2%2Fcomments&post=352"}],"version-history":[{"count":5,"href":"https:\/\/just-diving.com\/index.php?rest_route=\/wp\/v2\/pages\/352\/revisions"}],"predecessor-version":[{"id":608,"href":"https:\/\/just-diving.com\/index.php?rest_route=\/wp\/v2\/pages\/352\/revisions\/608"}],"wp:attachment":[{"href":"https:\/\/just-diving.com\/index.php?rest_route=%2Fwp%2Fv2%2Fmedia&parent=352"}],"curies":[{"name":"wp","href":"https:\/\/api.w.org\/{rel}","templated":true}]}}