{"id":342,"date":"2019-10-13T10:20:54","date_gmt":"2019-10-13T10:20:54","guid":{"rendered":"http:\/\/just-diving.com\/?page_id=342"},"modified":"2020-01-18T17:35:59","modified_gmt":"2020-01-18T17:35:59","slug":"technical-dpv-scooter","status":"publish","type":"page","link":"https:\/\/just-diving.com\/?page_id=342","title":{"rendered":"Technical DPV (Scooter)"},"content":{"rendered":"<p><strong>Beschreibung<\/strong><\/p>\n<p>Das Ziel des TDI Diver Propulsion Vehicle (DPV) Kurses ist, Teilnehmern die Kenntnisse und<br \/>\nFertigkeiten, Planung, Organisation, Vorgehensweisen, Techniken, Probleme und Gefahren bei der Benutzung von\u00a0DPV\u2019s n\u00e4her zu bringen. Nach Beendigung des TDI Diver Propulsion Vehicle Specialty Training, sollte der\u00a0Teilnehmer in der Lage sein, die notwendigen praktischen Kenntnisse f\u00fcr die Nutzung des DPV zu demonstrieren,\u00a0DPV Tauchg\u00e4nge sicher zu planen und auszuf\u00fchren, und Techniken und Vorgehensweisen zur Vermeidung von\u00a0Gefahren implementieren zu k\u00f6nnen.<\/p>\n<p><strong>Teilnehmervoraussetzungen<\/strong><br \/>\n1. Mindestens 18 Jahre alt, 15 mit schriftlichem Einverst\u00e4ndnis des Erziehungsberechtigten<br \/>\n2. Zrtifiziert als SDI Open Water Scuba Diver oder vergleichbar<br \/>\n3. Nachweis \u00fcber mindesten 25 geloggte Tauchg\u00e4nge<\/p>\n<p><strong>Kursstruktur und -dauer\u00a0Freiwasserausf\u00fchrung<\/strong><br \/>\n1. Tauchsch\u00fcler m\u00fcssen mindestens 2 DPV Freiwassertauchg\u00e4nge absolvieren, und im Ganzen min. 60 min<br \/>\nunter Wasser sein.<br \/>\n2. Tauchg\u00e4nge d\u00fcrfen die Tiefe von 40 Metern \/ 130 Fuss nicht \u00fcberschreiten<\/p>\n<p>&nbsp;<\/p>\n<p>Formulare zum Download<\/p>\n<p><a href=\"http:\/\/just-diving.com\/wp-content\/uploads\/2019\/10\/05-SDI-TDI-German-Medical-Statement-ausgef\u00fcllt.pdf\">SDI TDI German Medical Statement<\/a><\/p>\n<p><a href=\"http:\/\/just-diving.com\/wp-content\/uploads\/2019\/10\/03-SDI-German-Haftungsanerkennung-ausgef\u00fcllt.pdf\">SDI German Haftungsanerkennung<\/a><\/p>\n<p><a href=\"http:\/\/just-diving.com\/wp-content\/uploads\/2019\/10\/04-SDI-Genereller-Haftungsausschluss-und-Anerkennung-der-Risken.pdf\">SDI Genereller Haftungsausschluss und Anerkennung der Risken<\/a><\/p>\n<p><a href=\"http:\/\/just-diving.com\/wp-content\/uploads\/2020\/01\/02-Anmeldung-Kurs.pdf\">Anmeldung zum Kurs<\/a><\/p>\n<p>(Stand 01.01.2018)<\/p>\n","protected":false},"excerpt":{"rendered":"<p>Beschreibung Das Ziel des TDI Diver Propulsion Vehicle (DPV) Kurses ist, Teilnehmern die Kenntnisse und Fertigkeiten, Planung, Organisation, Vorgehensweisen, Techniken, Probleme und Gefahren bei der Benutzung von\u00a0DPV\u2019s n\u00e4her zu bringen. Nach Beendigung des TDI Diver Propulsion Vehicle Specialty Training, sollte&hellip; <\/p>\n","protected":false},"author":2,"featured_media":0,"parent":0,"menu_order":0,"comment_status":"closed","ping_status":"closed","template":"","meta":{"footnotes":""},"_links":{"self":[{"href":"https:\/\/just-diving.com\/index.php?rest_route=\/wp\/v2\/pages\/342"}],"collection":[{"href":"https:\/\/just-diving.com\/index.php?rest_route=\/wp\/v2\/pages"}],"about":[{"href":"https:\/\/just-diving.com\/index.php?rest_route=\/wp\/v2\/types\/page"}],"author":[{"embeddable":true,"href":"https:\/\/just-diving.com\/index.php?rest_route=\/wp\/v2\/users\/2"}],"replies":[{"embeddable":true,"href":"https:\/\/just-diving.com\/index.php?rest_route=%2Fwp%2Fv2%2Fcomments&post=342"}],"version-history":[{"count":6,"href":"https:\/\/just-diving.com\/index.php?rest_route=\/wp\/v2\/pages\/342\/revisions"}],"predecessor-version":[{"id":800,"href":"https:\/\/just-diving.com\/index.php?rest_route=\/wp\/v2\/pages\/342\/revisions\/800"}],"wp:attachment":[{"href":"https:\/\/just-diving.com\/index.php?rest_route=%2Fwp%2Fv2%2Fmedia&parent=342"}],"curies":[{"name":"wp","href":"https:\/\/api.w.org\/{rel}","templated":true}]}}