{"id":340,"date":"2019-10-13T10:20:34","date_gmt":"2019-10-13T10:20:34","guid":{"rendered":"http:\/\/just-diving.com\/?page_id=340"},"modified":"2020-01-18T17:35:27","modified_gmt":"2020-01-18T17:35:27","slug":"technical-sidemount","status":"publish","type":"page","link":"https:\/\/just-diving.com\/?page_id=340","title":{"rendered":"Technical Sidemount"},"content":{"rendered":"<p><strong>Beschreibung<\/strong><\/p>\n<p>Dieser Kurs wurde geschaffen, um bereits zertifizierten Tauchern den sicheren Umgang mit Sidemount als<br \/>\nAlternative zu der traditionellen Konfiguration zu lehren. Dieser Kurs darf mit anderen TDI Kursen die im<br \/>\nFolgenden gelistet sind, kombiniert werden: Decompression Procedures, Extended Range, Trimix, Advanced Trimix\u00a0und Advanced Wreck. Wenn kombiniert wird, m\u00fcssen alle Standards f\u00fcr die jeweiligen Kurse erf\u00fcllt werden.<\/p>\n<p><strong>Teilnehmervoraussetzungen<\/strong><br \/>\n1. Mindestalter 18 Jahre<br \/>\n2. Mindestens zertifiziert als SDI Open Water Scuba Diver oder vergleichbar<\/p>\n<p><strong>Kursstruktur und -dauer\u00a0Freiwasserausf\u00fchrung<\/strong><br \/>\n1. Tauchsch\u00fcler m\u00fcssen mindestens 3 Freiwassertauchg\u00e4nge absolvieren, und im Ganzen min. 90 min unter<br \/>\nWasser sein<br \/>\n2. Wenn Advanced Nitrox mit dem TDI Sidemount Programm kombiniert wird, sind 4 Tauchg\u00e4nge<br \/>\nerforderlich. Es k\u00f6nnen mehr durchgef\u00fchrt werden, im Ermessen des Instructors. Aber alle Tauchg\u00e4nge<br \/>\nm\u00fcssen innerhalb der Limits der Zertifizierung des Teilnehmers erfolgen.<\/p>\n<p>&nbsp;<\/p>\n<p>Formulare zum Download<\/p>\n<p><a href=\"http:\/\/just-diving.com\/wp-content\/uploads\/2019\/10\/05-SDI-TDI-German-Medical-Statement-ausgef\u00fcllt.pdf\">SDI TDI German Medical Statement<\/a><\/p>\n<p><a href=\"http:\/\/just-diving.com\/wp-content\/uploads\/2019\/10\/03-SDI-German-Haftungsanerkennung-ausgef\u00fcllt.pdf\">SDI German Haftungsanerkennung<\/a><\/p>\n<p><a href=\"http:\/\/just-diving.com\/wp-content\/uploads\/2019\/10\/04-SDI-Genereller-Haftungsausschluss-und-Anerkennung-der-Risken.pdf\">SDI Genereller Haftungsausschluss und Anerkennung der Risken<\/a><\/p>\n<p><a href=\"http:\/\/just-diving.com\/wp-content\/uploads\/2020\/01\/02-Anmeldung-Kurs.pdf\">Anmeldung zum Kurs<\/a><\/p>\n<p>(Stand 01.01.2018)<\/p>\n","protected":false},"excerpt":{"rendered":"<p>Beschreibung Dieser Kurs wurde geschaffen, um bereits zertifizierten Tauchern den sicheren Umgang mit Sidemount als Alternative zu der traditionellen Konfiguration zu lehren. Dieser Kurs darf mit anderen TDI Kursen die im Folgenden gelistet sind, kombiniert werden: Decompression Procedures, Extended Range,&hellip; <\/p>\n","protected":false},"author":2,"featured_media":0,"parent":0,"menu_order":0,"comment_status":"closed","ping_status":"closed","template":"","meta":{"footnotes":""},"_links":{"self":[{"href":"https:\/\/just-diving.com\/index.php?rest_route=\/wp\/v2\/pages\/340"}],"collection":[{"href":"https:\/\/just-diving.com\/index.php?rest_route=\/wp\/v2\/pages"}],"about":[{"href":"https:\/\/just-diving.com\/index.php?rest_route=\/wp\/v2\/types\/page"}],"author":[{"embeddable":true,"href":"https:\/\/just-diving.com\/index.php?rest_route=\/wp\/v2\/users\/2"}],"replies":[{"embeddable":true,"href":"https:\/\/just-diving.com\/index.php?rest_route=%2Fwp%2Fv2%2Fcomments&post=340"}],"version-history":[{"count":5,"href":"https:\/\/just-diving.com\/index.php?rest_route=\/wp\/v2\/pages\/340\/revisions"}],"predecessor-version":[{"id":799,"href":"https:\/\/just-diving.com\/index.php?rest_route=\/wp\/v2\/pages\/340\/revisions\/799"}],"wp:attachment":[{"href":"https:\/\/just-diving.com\/index.php?rest_route=%2Fwp%2Fv2%2Fmedia&parent=340"}],"curies":[{"name":"wp","href":"https:\/\/api.w.org\/{rel}","templated":true}]}}