{"id":338,"date":"2019-10-13T10:20:08","date_gmt":"2019-10-13T10:20:08","guid":{"rendered":"http:\/\/just-diving.com\/?page_id=338"},"modified":"2020-01-18T17:33:36","modified_gmt":"2020-01-18T17:33:36","slug":"o%c2%b2-service-technican","status":"publish","type":"page","link":"https:\/\/just-diving.com\/?page_id=338","title":{"rendered":"O\u00b2 Service Technican"},"content":{"rendered":"<p><strong>Beschreibung<\/strong><\/p>\n<p>Dieser Kurs erm\u00f6glicht es, nach erfolgreichem Abschluss Tauchausr\u00fcstung f\u00fcr technische Tauchgase<br \/>\nvorzubereiten. Ziel des Kurses ist es, dem Sch\u00fcler die korrekten Prozeduren f\u00fcr die sauerstoffreine Reinigung von\u00a0Ausr\u00fcstung zu lehren. Dieser Kurs kann kombiniert werden mit dem TDI Visual Inspection Procedures Kurs nach\u00a0Ermesse des Instructors.<\/p>\n<p><strong>Teilnehmervoraussetzungen<\/strong><br \/>\n1. Mindestalter 18 Jahre<br \/>\n2. Nachweis \u00fcber:<br \/>\na. Mindestens zertifiziert als TDI Nitrox Gas Blender oder vergleichbar<br \/>\nb. VIP Zertifizierung durch eine anerkannte Organisation*<br \/>\nc. Zertifizierung durch einen bekannten anerkannten Reglerhersteller**<br \/>\nd. Anstellung bei einer anerkannten Tauch-Facility \/ Hersteller \/ Distributor oder Nachweis der<br \/>\nvorsehbaren Anstellung<\/p>\n<p>*Nicht notwendig, wenn nur das Training f\u00fcr TDI Cylinder O2 Service Technician gelehrt wird<\/p>\n<p>**Nicht notwendig, wenn nur das Training f\u00fcr TDI Cylinder O2 Service Technician gelehrt wird<\/p>\n<p>&nbsp;<\/p>\n<p>Formulare zum Download<\/p>\n<p><a href=\"http:\/\/just-diving.com\/wp-content\/uploads\/2019\/10\/03-SDI-German-Haftungsanerkennung-ausgef\u00fcllt.pdf\">SDI German Haftungsanerkennung<\/a><\/p>\n<p><a href=\"http:\/\/just-diving.com\/wp-content\/uploads\/2019\/10\/04-SDI-Genereller-Haftungsausschluss-und-Anerkennung-der-Risken.pdf\">SDI Genereller Haftungsausschluss und Anerkennung der Risken<\/a><\/p>\n<p><a href=\"http:\/\/just-diving.com\/wp-content\/uploads\/2020\/01\/02-Anmeldung-Kurs.pdf\">Anmeldung zum Kurs<\/a><\/p>\n<p>(Stand 01.01.2018)<\/p>\n","protected":false},"excerpt":{"rendered":"<p>Beschreibung Dieser Kurs erm\u00f6glicht es, nach erfolgreichem Abschluss Tauchausr\u00fcstung f\u00fcr technische Tauchgase vorzubereiten. Ziel des Kurses ist es, dem Sch\u00fcler die korrekten Prozeduren f\u00fcr die sauerstoffreine Reinigung von\u00a0Ausr\u00fcstung zu lehren. Dieser Kurs kann kombiniert werden mit dem TDI Visual Inspection&hellip; <\/p>\n","protected":false},"author":2,"featured_media":0,"parent":0,"menu_order":0,"comment_status":"closed","ping_status":"closed","template":"","meta":{"footnotes":""},"_links":{"self":[{"href":"https:\/\/just-diving.com\/index.php?rest_route=\/wp\/v2\/pages\/338"}],"collection":[{"href":"https:\/\/just-diving.com\/index.php?rest_route=\/wp\/v2\/pages"}],"about":[{"href":"https:\/\/just-diving.com\/index.php?rest_route=\/wp\/v2\/types\/page"}],"author":[{"embeddable":true,"href":"https:\/\/just-diving.com\/index.php?rest_route=\/wp\/v2\/users\/2"}],"replies":[{"embeddable":true,"href":"https:\/\/just-diving.com\/index.php?rest_route=%2Fwp%2Fv2%2Fcomments&post=338"}],"version-history":[{"count":7,"href":"https:\/\/just-diving.com\/index.php?rest_route=\/wp\/v2\/pages\/338\/revisions"}],"predecessor-version":[{"id":796,"href":"https:\/\/just-diving.com\/index.php?rest_route=\/wp\/v2\/pages\/338\/revisions\/796"}],"wp:attachment":[{"href":"https:\/\/just-diving.com\/index.php?rest_route=%2Fwp%2Fv2%2Fmedia&parent=338"}],"curies":[{"name":"wp","href":"https:\/\/api.w.org\/{rel}","templated":true}]}}