{"id":336,"date":"2019-10-13T10:19:44","date_gmt":"2019-10-13T10:19:44","guid":{"rendered":"http:\/\/just-diving.com\/?page_id=336"},"modified":"2020-01-18T17:34:20","modified_gmt":"2020-01-18T17:34:20","slug":"advanced-gas-blender","status":"publish","type":"page","link":"https:\/\/just-diving.com\/?page_id=336","title":{"rendered":"Advanced Gas Blender"},"content":{"rendered":"<div id=\"c515\">\n<div>\n<p><strong>Beschreibung<\/strong><\/p>\n<\/div>\n<p>Aufbauend auf den TDI Gas Blender Kurs ist der n\u00e4chste Schritt der TDI Advanced Gas Blender Kurs. Bei diesem erlernst Du die Fertigkeiten und das Wissen das n\u00f6tig ist, um spezielle Gasmischungen f\u00fcr das technische Tauchen herzustellen. Auch heliumhaltige Gasmischungen sind Bestandteil des Kurses. Das TDI Advanced Gas Blender Manual wird Dir helfen das n\u00f6tige Wissen zu Erlangen, und ist ein grossartiges Nachschlagewerk. Ebenso verf\u00fcgbar ist ein SDI\/TDI Gas Blending Logbuch<\/p>\n<p>&nbsp;<\/p>\n<\/div>\n<div>\n<p><strong>Details<\/strong><\/p>\n<p><strong>Advanced Gas Blender<br \/>\n<\/strong>Aufbauend auf den TDI Gas Blender Kurs ist der n\u00e4chste Schritt der TDI Advanced Gas Blender Kurs. Bei diesem erlernst Du die Fertigkeiten und das Wissen das n\u00f6tig ist, um spezielle Gasmischungen f\u00fcr das technische Tauchen herzustellen. Auch heliumhaltige Gasmischungen sind Bestandteil des Kurses. Das TDI Advanced Gas Blender Manual wird Dir helfen das n\u00f6tige Wissen zu Erlangen, und ist ein grossartiges Nachschlagewerk. Ebenso verf\u00fcgbar ist ein SDI\/TDI Gas Blending Logbuch<\/p>\n<p><strong>Voraussetzungen:<br \/>\n<\/strong>\u2013 18 Jahre<br \/>\n\u2013 TDI Nitrox Gas Blender oder vergleichbar<\/p>\n<p><strong>Erforderliches Material:<\/strong><\/p>\n<p>\u2013 TDI Advanced Gas Blender Handbuch<\/p>\n<p><strong>Kursinhalt:<\/strong><\/p>\n<p>\u2013 Verantwortung des Gasmischers<br \/>\n\u2013 Atemgase beim Tauchen: Sauerstoff, Stickstoff, Helium und andere Gase<br \/>\n\u2013 Behandlung von Sauerstoff: Sauerstoff Gefahren, Gr\u00fcnde und Vermeidung von Sauerstofffeuer, Aufbau eines Sauerstoff Systems, lokale Bestimmungen f\u00fcr das Gasmischen und die Handhabung, Sauerstoff kompatible Systemkomponenten<br \/>\n\u2013 Ausr\u00fcstung zur Gasproduktion: Kompressoren, Flaschen, Filtersysteme, Druckanzeiger<br \/>\n\u2013 Mischtechniken: Grunds\u00e4tzliche \u00dcberlegungen, fortlaufende Mischsysteme, Membransysteme Vormischungssysteme, Partialdruck Mischungen, Berechnungen mittels Partialdruck, mischen aufgrund Gewicht (optional)<br \/>\n\u2013 Sauerstoff Analyse: Verfahren, Sauerstoff Analyseger\u00e4te<br \/>\n\u2013 Tauchflaschen Behandlung und Markierung<\/p>\n<p><strong>Leistungsanforderungen:<\/strong><\/p>\n<p>Um den Kurs erfolgreich abzuschlie\u00dfen, m\u00fcssen die Sch\u00fcler:<\/p>\n<p>\u2013 Erfolgreich 5 Nitrox und 3 Trimix Tauchflaschen mischen und analysieren<br \/>\n\u2013 Die schriftliche Pr\u00fcfung des TDI Advanced Gas Blender Kurses erfolgreich bestehen<br \/>\n\u2013 Verst\u00e4ndnis f\u00fcr das Mischen und die Analyse von Nitrox und Trimix beweisen<\/p>\n<\/div>\n<p>&nbsp;<\/p>\n<p>Formulare zum Download<\/p>\n<p><a href=\"http:\/\/just-diving.com\/wp-content\/uploads\/2019\/10\/03-SDI-German-Haftungsanerkennung-ausgef\u00fcllt.pdf\">SDI German Haftungsanerkennung<\/a><\/p>\n<p><a href=\"http:\/\/just-diving.com\/wp-content\/uploads\/2019\/10\/04-SDI-Genereller-Haftungsausschluss-und-Anerkennung-der-Risken.pdf\">SDI Genereller Haftungsausschluss und Anerkennung der Risken<\/a><\/p>\n<p><a href=\"http:\/\/just-diving.com\/wp-content\/uploads\/2020\/01\/02-Anmeldung-Kurs.pdf\">Anmeldung zum Kurs<\/a><\/p>\n<div>\n<p>(Stand 01.01.2018)<\/p>\n<\/div>\n","protected":false},"excerpt":{"rendered":"<p>Beschreibung Aufbauend auf den TDI Gas Blender Kurs ist der n\u00e4chste Schritt der TDI Advanced Gas Blender Kurs. Bei diesem erlernst Du die Fertigkeiten und das Wissen das n\u00f6tig ist, um spezielle Gasmischungen f\u00fcr das technische Tauchen herzustellen. Auch heliumhaltige&hellip; <\/p>\n","protected":false},"author":2,"featured_media":0,"parent":0,"menu_order":0,"comment_status":"closed","ping_status":"closed","template":"","meta":{"footnotes":""},"_links":{"self":[{"href":"https:\/\/just-diving.com\/index.php?rest_route=\/wp\/v2\/pages\/336"}],"collection":[{"href":"https:\/\/just-diving.com\/index.php?rest_route=\/wp\/v2\/pages"}],"about":[{"href":"https:\/\/just-diving.com\/index.php?rest_route=\/wp\/v2\/types\/page"}],"author":[{"embeddable":true,"href":"https:\/\/just-diving.com\/index.php?rest_route=\/wp\/v2\/users\/2"}],"replies":[{"embeddable":true,"href":"https:\/\/just-diving.com\/index.php?rest_route=%2Fwp%2Fv2%2Fcomments&post=336"}],"version-history":[{"count":6,"href":"https:\/\/just-diving.com\/index.php?rest_route=\/wp\/v2\/pages\/336\/revisions"}],"predecessor-version":[{"id":797,"href":"https:\/\/just-diving.com\/index.php?rest_route=\/wp\/v2\/pages\/336\/revisions\/797"}],"wp:attachment":[{"href":"https:\/\/just-diving.com\/index.php?rest_route=%2Fwp%2Fv2%2Fmedia&parent=336"}],"curies":[{"name":"wp","href":"https:\/\/api.w.org\/{rel}","templated":true}]}}