{"id":326,"date":"2019-10-13T10:13:45","date_gmt":"2019-10-13T10:13:45","guid":{"rendered":"http:\/\/just-diving.com\/?page_id=326"},"modified":"2019-10-15T10:54:58","modified_gmt":"2019-10-15T10:54:58","slug":"advanced-diver","status":"publish","type":"page","link":"https:\/\/just-diving.com\/?page_id=326","title":{"rendered":"Advanced Diver"},"content":{"rendered":"<header class=\"entry-header\">\n<h1 class=\"entry-title \"><span style=\"font-size: 1.0625rem;\">Beschreibung<\/span><\/h1>\n<\/header>\n<div class=\"entry-content\">\n<div>\n<h3><\/h3>\n<\/div>\n<div>Das SDI Advanced Diver Development wurde entwickelt, um wirkliche Advanced Diver auszubilden.<\/div>\n<div>Unter den fr\u00fcher g\u00fcltigen Voraussetzungen konnte ein Tauchsch\u00fcler direkt im Anschluss an seinen OWD Kurs mit dem Advanced Diver Kurs absolvieren. Das f\u00fchrte dazu, dass ein Taucher mit 9 Tauchg\u00e4ngen als Advanced Taucher, bezeichnet wurde. Das SDI Advanced Diver Development Programm setzt heute voraus, dass ein OWD<\/div>\n<div>Taucher 4 Specialties von SDI, TDI oder ERDI oder vergleichbar, als Kurse absolvieren muss, kombiniert mit der Tatsache, dass 25 geloggte Tauchg\u00e4nge nachgewiesen werden m\u00fcssen. SDI glaubt, dass wir nun diese Taucher als wirkliche Advanced Taucher bezeichnen k\u00f6nnen.<\/div>\n<div><\/div>\n<p><strong>Anforderungen zur Zertifizierung:<\/strong><\/p>\n<div>SDI Advanced Diver Zertifizierungsvorgehensweise f\u00fcr Tauchsch\u00fcler:<\/div>\n<div><\/div>\n<ul>\n<li>Absolvieren von 4 SDI, TDI oder ERDI Specialty Kursen oder vergleichbar; lediglich ein \u201eTrockenes Specialty\u201c als Kurs ohne Tauchg\u00e4nge ist akzeptabel, und anrechenbar auf die Advanced Diver Zertifizierung, mit der Ausnahmen von Nitrox<\/li>\n<li>Nachweis \u00fcber mindesten 25 geloggte Tauchg\u00e4nge<\/li>\n<li>Wenn alle Voraussetzungen erf\u00fcllt sind, die kann die entsprechende SDI Zertifizierung ausgestellt werden: M\u00f6gliche Zertifizierungsm\u00f6glichkeiten sind: das \u00fcbermitteln des ausgef\u00fcllten SDI Diver Registration Formulars andas SDI Headquarter\/Regionale Office, oder die online Registrierung auf der SDI\/TDI\/ERDI Website<\/li>\n<li>Anforderungen f\u00fcr SDI Junior Advanced beinhalten die o.g. Voraussetzungen, jedoch sind nur die Specialties erlaubt, die f\u00fcr das entsprechende Alter zugelassen sind.<\/li>\n<\/ul>\n<\/div>\n<p>&nbsp;<\/p>\n<p>Formulare zum Download<\/p>\n<p><a href=\"http:\/\/just-diving.com\/wp-content\/uploads\/2019\/10\/05-SDI-TDI-German-Medical-Statement-ausgef\u00fcllt.pdf\">SDI TDI German Medical Statement<\/a><\/p>\n<p><a href=\"http:\/\/just-diving.com\/wp-content\/uploads\/2019\/10\/03-SDI-German-Haftungsanerkennung-ausgef\u00fcllt.pdf\">SDI German Haftungsanerkennung<\/a><\/p>\n<p><a href=\"http:\/\/just-diving.com\/wp-content\/uploads\/2019\/10\/04-SDI-Genereller-Haftungsausschluss-und-Anerkennung-der-Risken.pdf\">SDI Genereller Haftungsausschluss und Anerkennung der Risken<\/a><\/p>\n<p><a href=\"http:\/\/just-diving.com\/wp-content\/uploads\/2019\/10\/02-Anmeldung-Kurs.pdf\">Anmeldung zum Kurs<\/a><\/p>\n<div class=\"entry-content\">\n<p>(Stand 01.01.2018)<\/p>\n<\/div>\n","protected":false},"excerpt":{"rendered":"<p>Beschreibung Das SDI Advanced Diver Development wurde entwickelt, um wirkliche Advanced Diver auszubilden. Unter den fr\u00fcher g\u00fcltigen Voraussetzungen konnte ein Tauchsch\u00fcler direkt im Anschluss an seinen OWD Kurs mit dem Advanced Diver Kurs absolvieren. Das f\u00fchrte dazu, dass ein Taucher&hellip; <\/p>\n","protected":false},"author":2,"featured_media":0,"parent":0,"menu_order":0,"comment_status":"closed","ping_status":"closed","template":"","meta":{"footnotes":""},"_links":{"self":[{"href":"https:\/\/just-diving.com\/index.php?rest_route=\/wp\/v2\/pages\/326"}],"collection":[{"href":"https:\/\/just-diving.com\/index.php?rest_route=\/wp\/v2\/pages"}],"about":[{"href":"https:\/\/just-diving.com\/index.php?rest_route=\/wp\/v2\/types\/page"}],"author":[{"embeddable":true,"href":"https:\/\/just-diving.com\/index.php?rest_route=\/wp\/v2\/users\/2"}],"replies":[{"embeddable":true,"href":"https:\/\/just-diving.com\/index.php?rest_route=%2Fwp%2Fv2%2Fcomments&post=326"}],"version-history":[{"count":5,"href":"https:\/\/just-diving.com\/index.php?rest_route=\/wp\/v2\/pages\/326\/revisions"}],"predecessor-version":[{"id":737,"href":"https:\/\/just-diving.com\/index.php?rest_route=\/wp\/v2\/pages\/326\/revisions\/737"}],"wp:attachment":[{"href":"https:\/\/just-diving.com\/index.php?rest_route=%2Fwp%2Fv2%2Fmedia&parent=326"}],"curies":[{"name":"wp","href":"https:\/\/api.w.org\/{rel}","templated":true}]}}