{"id":205,"date":"2019-10-11T20:17:43","date_gmt":"2019-10-11T20:17:43","guid":{"rendered":"http:\/\/just-diving.com\/?page_id=205"},"modified":"2019-10-14T17:18:11","modified_gmt":"2019-10-14T17:18:11","slug":"sdi-divemaster-tdi-divemaster","status":"publish","type":"page","link":"https:\/\/just-diving.com\/?page_id=205","title":{"rendered":"SDI Divemaster \/ TDI Divemaster"},"content":{"rendered":"<div class=\"entry-content clearfix\">\n<div id=\"c461\">\n<div>\n<p><strong>Beschreibung<\/strong><\/p>\n<\/div>\n<p>Dieses Programm wurde geschaffen um den Kandidaten die notwendigen Kenntnisse und Fertigkeiten zu vermitteln, um Tauchg\u00e4nge f\u00fcr bereits zertifizierte Taucher planen und durchf\u00fchren zu k\u00f6nnen, und Instruktoren bei der Ausbildung zu assistieren.<\/p>\n<\/div>\n<div id=\"c462\">\n<div>\n<p><strong>Details<\/strong><\/p>\n<p>Der SDI Divemaster Kurs ist die erste professionelle Stufe. W\u00e4hrend dieses Kurses wirst du lernen wie es ist mit Tauchanf\u00e4ngern zu arbeiten und dabei sein, wenn Sie ihre ersten Unterwassererfahrungen sammeln.<\/p>\n<\/div>\n<p>Du wirst lernen wie man zertifizierte Taucher in fremden Gew\u00e4ssern begleiten und f\u00fchren kann. Dein SDI Instruktor wird dich auch im Umgang mit Tauchgruppen, sowie sicheres tauchen von Booten unterrichten. Um ein professioneller Divemaster zu werden, lernst du die physikalischen und pschyschologischen Auswirkungen f\u00fcr den Taucher. Deine Skills werden auf Demonstrationsqualit\u00e4t trainiert und dein Wissen wird auf eine professionelle Ebene gebracht. Nach diesem Kurs kannst du an einem Assistant Instruktor Kurs teilnehmen. In diesem Kurs wirst du noch mehr \u00fcber Theorielektionen und die Anforderungen die gestellt werden um an SDI Spezialkursen teilzunehmen lernen, damit du diese anschlie\u00dfend unterrichten darfst .<\/p>\n<\/div>\n<p>&nbsp;<\/p>\n<p><strong>Der n\u00e4chste Schritt in deiner Ausbildung!<\/strong><\/p>\n<h4>TDI Divemaster<\/h4>\n<p>Dieser Kurs wurde geschaffen um dir die notwendigen Kenntnisse und Fertigkeiten zu vermitteln um Tauchg\u00e4nge f\u00fcr bereits zertifizierte\u00a0technische Taucher\u00a0planen und sicher durchf\u00fchren zu k\u00f6nnen.<\/p>\n<\/div>\n<p>&nbsp;<\/p>\n<p>Formulare zum Download<\/p>\n<p><a href=\"http:\/\/just-diving.com\/wp-content\/uploads\/2019\/10\/05-SDI-TDI-German-Medical-Statement-ausgef\u00fcllt.pdf\">SDI TDI German Medical Statement<\/a><\/p>\n<p><a href=\"http:\/\/just-diving.com\/wp-content\/uploads\/2019\/10\/03-SDI-German-Haftungsanerkennung-ausgef\u00fcllt.pdf\">SDI German Haftungsanerkennung<\/a><\/p>\n<p><a href=\"http:\/\/just-diving.com\/wp-content\/uploads\/2019\/10\/04-SDI-Genereller-Haftungsausschluss-und-Anerkennung-der-Risken.pdf\">SDI Genereller Haftungsausschluss und Anerkennung der Risken<\/a><\/p>\n<p><a href=\"http:\/\/just-diving.com\/wp-content\/uploads\/2019\/10\/02-Anmeldung-Kurs.pdf\">Anmeldung zum Kurs<\/a><\/p>\n","protected":false},"excerpt":{"rendered":"<p>Beschreibung Dieses Programm wurde geschaffen um den Kandidaten die notwendigen Kenntnisse und Fertigkeiten zu vermitteln, um Tauchg\u00e4nge f\u00fcr bereits zertifizierte Taucher planen und durchf\u00fchren zu k\u00f6nnen, und Instruktoren bei der Ausbildung zu assistieren. Details Der SDI Divemaster Kurs ist die&hellip; <\/p>\n","protected":false},"author":1,"featured_media":0,"parent":0,"menu_order":0,"comment_status":"closed","ping_status":"closed","template":"","meta":{"footnotes":""},"_links":{"self":[{"href":"https:\/\/just-diving.com\/index.php?rest_route=\/wp\/v2\/pages\/205"}],"collection":[{"href":"https:\/\/just-diving.com\/index.php?rest_route=\/wp\/v2\/pages"}],"about":[{"href":"https:\/\/just-diving.com\/index.php?rest_route=\/wp\/v2\/types\/page"}],"author":[{"embeddable":true,"href":"https:\/\/just-diving.com\/index.php?rest_route=\/wp\/v2\/users\/1"}],"replies":[{"embeddable":true,"href":"https:\/\/just-diving.com\/index.php?rest_route=%2Fwp%2Fv2%2Fcomments&post=205"}],"version-history":[{"count":4,"href":"https:\/\/just-diving.com\/index.php?rest_route=\/wp\/v2\/pages\/205\/revisions"}],"predecessor-version":[{"id":729,"href":"https:\/\/just-diving.com\/index.php?rest_route=\/wp\/v2\/pages\/205\/revisions\/729"}],"wp:attachment":[{"href":"https:\/\/just-diving.com\/index.php?rest_route=%2Fwp%2Fv2%2Fmedia&parent=205"}],"curies":[{"name":"wp","href":"https:\/\/api.w.org\/{rel}","templated":true}]}}