{"id":199,"date":"2019-10-11T20:13:46","date_gmt":"2019-10-11T20:13:46","guid":{"rendered":"http:\/\/just-diving.com\/?page_id=199"},"modified":"2020-01-18T17:36:33","modified_gmt":"2020-01-18T17:36:33","slug":"trimix-diver","status":"publish","type":"page","link":"https:\/\/just-diving.com\/?page_id=199","title":{"rendered":"Trimix Diver"},"content":{"rendered":"<div id=\"c509\">\n<div>\n<p><strong>Beschreibung<\/strong><\/p>\n<\/div>\n<p>Als Motivation um Fortschritte zu sehen, m\u00f6chtest Du eventuell tiefer tauchen um das historische Wrack zu erkunden, oder das H\u00f6hlensystem zu erkunden, von dem du so viel gelesen hast. Einer der haupts\u00e4chlichen limitierenden Faktoren ist die Stickstoffnarkose; der TDI Trimix Kurs zeigt dir, wie man diese Faktoren durch den Einsatz von Helium im Atemgas minimieren kann. W\u00e4hrend des TDI Trimix Kurses wird dir dein Instructor zeigen, wie man Tauchg\u00e4nge unter Gebrauch von heliumhaltigen Atemgasgemischen mit nicht weniger als 18% Sauerstoff bis zu einer maximal Tiefe von 60 Metern \/200 Fuss plant und durchf\u00fchrt.<\/p>\n<p>&nbsp;<\/p>\n<\/div>\n<div id=\"c508\">\n<div>\n<p><strong>Details<\/strong><\/p>\n<\/div>\n<p><strong>Trimix Diver<br \/>\n<\/strong>Als Motivation um Fortschritte zu sehen, m\u00f6chtest Du eventuell tiefer tauchen um das historische Wrack zu erkunden, oder das H\u00f6hlensystem zu erkunden, von dem du so viel gelesen hast. Einer der haupts\u00e4chlichen limitierenden Faktoren ist die Stickstoffnarkose; der TDI Trimix Kurs zeigt dir, wie man diese Faktoren durch den Einsatz von Helium im Atemgas minimieren kann. W\u00e4hrend des TDI Trimix Kurses wird dir dein Instructor zeigen, wie man Tauchg\u00e4nge unter Gebrauch von heliumhaltigen Atemgasgemischen mit nicht weniger als 18% Sauerstoff bis zu einer maximal Tiefe von 60 Metern \/200 Fuss plant und durchf\u00fchrt.<\/p>\n<p><strong>Voraussetzung:<br \/>\n<\/strong>\u2013 18 Jahre alt<br \/>\n\u2013 Advanced Nitrox Diver und Deco Procedures<br \/>\n\u2013 \u00c4rztliche Bescheinigung<br \/>\n\u2013 min. 100 Tauchg\u00e4nge<\/p>\n<p><strong>Erforderliches Material:<br \/>\n<\/strong>Folgendes wird f\u00fcr den Kurs ben\u00f6tigt:<br \/>\n\u2013 TDI Trimix Handbuch<\/p>\n<p><strong>Die folgende Ausr\u00fcstung ist f\u00fcr jeden Sch\u00fcler erforderlich:<br \/>\n<\/strong>\u2013 Bottom Mix Tauchflasche(n), Tauchflasche(n) mit einem dem Tauchplan und Gasverbrauch des Sch\u00fclers angemessenen Gasvolumen, Doppelventile, Flaschenbr\u00fccke oder unabh\u00e4ngige Doppelflaschen: Kennzeichnung gem\u00e4\u00df den TDI Statuten<br \/>\n\u2013 Decompression Mix Tauchflasche(n): Tauchflasche(n) mit einem dem Tauchplan und Gasverbrauch des Sch\u00fclers angemessenen Gasvolumen: Kennzeichnung gem\u00e4\u00df den TDI Statuten<br \/>\n\u2013 Tarierungsgas Tauchflasche (nur erforderlich f\u00fcr Trockentauchanz\u00fcge)<br \/>\n\u2013 Lungenautomat(en): Erste Stufe zweifach erforderlich an allen Bottom Mix Tauchflaschen, Manometer erforderlich an allen prim\u00e4ren \/ Bottom Mix Tauchflaschen, eine zweite Stufe mit langem Niederdruckschlauch ist angemessen einzusetzen, um die Luftweitergabe in der Tiefe zu erleichtert, falls erforderlich; es wird dringend empfohlen, dass alle ersten Stufen einheitlich DIN oder INT haben<br \/>\n\u2013 Tariermittel der Ausr\u00fcstungskonfiguration angemessen<br \/>\n\u2013 Redundante Tiefen- und Zeitmesser<br \/>\n\u2013 Luft-Deko-Computer einsetzbar als Tiefen- und Zeitmesser<br \/>\n\u2013 Redundante Lampen wenn f\u00fcr den Tauchplatz erforderlich<br \/>\n\u2013 Aufstiegsleine (Reel) mit Hebesack oder Markierungsboje der geplanten Maximaltiefe angepasst, mindestens 11kg Auftriebsvolumen<br \/>\n\u2013 Tauchanzug dem Freiwasser angemessen<br \/>\n\u2013 Schneidewerkzeug<br \/>\n\u2013 Unterwasser-Schreibtafel (f\u00fcr Dekompressions- und Notfall-Tabellen)<\/p>\n<p>Die Verwendung des TDI Trimix Handbuches ist f\u00fcr diesen Kurs vorgeschrieben, Instruktoren d\u00fcrfen allerdings jegliches zus\u00e4tzliches Material nutzen, um das Erreichen der Lernziele zu unterst\u00fctzen.<\/p>\n<p><strong>Kursinhalt:<br \/>\n<\/strong>\u2013 Physik: Wiederholung Drucktheorie<br \/>\n\u2013 Physiologie: Hypoxie, Sauerstoff Giftigkeit: Ganzer K\u00f6rper (OTUs), Zentrales Nervensystem (CNS), Stickstoff Narkose, Stickstoff und Helium Aufnahme und Abbau, Kohlendioxid Giftigkeit, Kohlenmonoxid, Helium, HPNS Effekte bei der Atmung, Effekte auf Isolierungseigenschaften, Gegendiffusion, Hyperthermie, Hypothermie<br \/>\n\u2013 Dekompressionsoptionen: Luft, Nitrox, Helium<br \/>\n\u2013 Ausr\u00fcstungs\u00fcberlegungen: Tauchflaschen Optionen, Stage-Flaschen Optionen, Trockentauchanzugsflaschen Optionen, Lungenautomaten Optionen, Harness \/ Tariermittel-Optionen, Computer, Tiefenmesser, automatischer Tauchzeitmesser Optionen, Aufstiegs- und Navigationsleinen (Reel), Hebes\u00e4cke \/ Markierungsbojen zum Treiben oder freien Dekompression, Lampen, redundante Maske und Messer, Jon-Line<br \/>\n\u2013 Tauchtabellen: Computergenerierten Tabellen, DCIEM Heliox Tabellen oder andere, ver\u00f6ffentlichte Tabellen<br \/>\n\u2013 Tauchgangsplanung: Standardablauf, Unterst\u00fctzung, Teams: Team-Planung, Atemgas Anforderungen, Sauerstoff Grenzen, Inert-Gas Grenzen, Notfallplanung, vers\u00e4umte Dekompression, Sauerstoff Giftigkeit, Analyse und Dokumentation<br \/>\n\u2013 generelles Vorgehen: Bottom-, Travel- und Dekompressions-Gas, normaler Betrieb, Fehler, Verlust oder falsches Notfallverfahren. Analyse und Dokumentation<\/p>\n<p><strong>Leistungsanforderungen:<\/strong><\/p>\n<p>Die folgenden Fertigkeiten m\u00fcssen w\u00e4hrend der Tauchg\u00e4nge vom Sch\u00fcler demonstriert werden. Es wird empfohlen, alle Tauchg\u00e4nge zwischen 30 und 60 Metern durchzuf\u00fchren. Gasmischungen sollen\u00a0<strong>nicht<\/strong>\u00a0weniger als 18% Sauerstoff beinhalten:<\/p>\n<p>\u2013 Sorgf\u00e4ltige Analyse aller verwendeten Gasmischungen<br \/>\n\u2013 Demonstration einer ad\u00e4quaten Tauchgangsplanung, Grenzen basierend auf dem pers\u00f6nlichen und Team-Gasverbrauch, Sauerstoff Grenzen der Gasmischungen basierend auf der Maximaltiefe, Inert-Gas Grenzen der Gasmischungen basierend auf der Maximaltiefe<br \/>\n\u2013 Exakte Durchf\u00fchrung des geplanten Tauchganges unter Ber\u00fccksichtigung der ermittelten Grenzen<br \/>\n\u2013 Demonstration der angemessenen Navigationstechniken f\u00fcr den jeweiligen Tauchgang<br \/>\n\u2013 Bei 2 Tauchg\u00e4ngen Demonstration eines Aufstiegs mittels Seilspule (Reel) und Hebesack und Durchf\u00fchrung station\u00e4rere Dekompressionsstopps<br \/>\n\u2013 Demonstration des angemessenen Verfahrens beim Wechsel des Lungenautomaten und Isolierung eines versagenden Lungenautomaten bei einer Tiefe bis maximal 40 Meter.<\/p>\n<p><strong>Um den Kurs erfolgreich abzuschlie\u00dfen, m\u00fcssen die Sch\u00fcler:<br \/>\n<\/strong>\u2013 Die schriftliche Pr\u00fcfung des TDI Trimix Kurses erfolgreich bestehen<br \/>\n\u2013 Die Freiwasser Fertigkeiten sicher und effektiv demonstrieren<br \/>\n\u2013 Durchdachte, tadellose Tauchgangsplanung und -durchf\u00fchrung demonstrieren<\/p>\n<\/div>\n<p>&nbsp;<\/p>\n<p>Formulare zum Download<\/p>\n<p><a href=\"http:\/\/just-diving.com\/wp-content\/uploads\/2019\/10\/05-SDI-TDI-German-Medical-Statement-ausgef\u00fcllt.pdf\">SDI TDI German Medical Statement<\/a><\/p>\n<p><a href=\"http:\/\/just-diving.com\/wp-content\/uploads\/2019\/10\/03-SDI-German-Haftungsanerkennung-ausgef\u00fcllt.pdf\">SDI German Haftungsanerkennung<\/a><\/p>\n<p><a href=\"http:\/\/just-diving.com\/wp-content\/uploads\/2019\/10\/04-SDI-Genereller-Haftungsausschluss-und-Anerkennung-der-Risken.pdf\">SDI Genereller Haftungsausschluss und Anerkennung der Risken<\/a><\/p>\n<p><a href=\"http:\/\/just-diving.com\/wp-content\/uploads\/2020\/01\/02-Anmeldung-Kurs.pdf\">Anmeldung zum Kurs<\/a><\/p>\n<div id=\"c508\">\n<p>(Stand 01.01.2018)<\/p>\n<\/div>\n","protected":false},"excerpt":{"rendered":"<p>Beschreibung Als Motivation um Fortschritte zu sehen, m\u00f6chtest Du eventuell tiefer tauchen um das historische Wrack zu erkunden, oder das H\u00f6hlensystem zu erkunden, von dem du so viel gelesen hast. Einer der haupts\u00e4chlichen limitierenden Faktoren ist die Stickstoffnarkose; der TDI&hellip; <\/p>\n","protected":false},"author":1,"featured_media":0,"parent":0,"menu_order":0,"comment_status":"closed","ping_status":"closed","template":"","meta":{"footnotes":""},"_links":{"self":[{"href":"https:\/\/just-diving.com\/index.php?rest_route=\/wp\/v2\/pages\/199"}],"collection":[{"href":"https:\/\/just-diving.com\/index.php?rest_route=\/wp\/v2\/pages"}],"about":[{"href":"https:\/\/just-diving.com\/index.php?rest_route=\/wp\/v2\/types\/page"}],"author":[{"embeddable":true,"href":"https:\/\/just-diving.com\/index.php?rest_route=\/wp\/v2\/users\/1"}],"replies":[{"embeddable":true,"href":"https:\/\/just-diving.com\/index.php?rest_route=%2Fwp%2Fv2%2Fcomments&post=199"}],"version-history":[{"count":6,"href":"https:\/\/just-diving.com\/index.php?rest_route=\/wp\/v2\/pages\/199\/revisions"}],"predecessor-version":[{"id":801,"href":"https:\/\/just-diving.com\/index.php?rest_route=\/wp\/v2\/pages\/199\/revisions\/801"}],"wp:attachment":[{"href":"https:\/\/just-diving.com\/index.php?rest_route=%2Fwp%2Fv2%2Fmedia&parent=199"}],"curies":[{"name":"wp","href":"https:\/\/api.w.org\/{rel}","templated":true}]}}