{"id":196,"date":"2019-10-11T20:12:58","date_gmt":"2019-10-11T20:12:58","guid":{"rendered":"http:\/\/just-diving.com\/?page_id=196"},"modified":"2020-01-18T17:37:05","modified_gmt":"2020-01-18T17:37:05","slug":"helitrox-diver","status":"publish","type":"page","link":"https:\/\/just-diving.com\/?page_id=196","title":{"rendered":"Helitrox Diver"},"content":{"rendered":"<p><strong>Beschreibung<\/strong><\/p>\n<p>Der TDI Helitrox Kurs befasst sich mit der Theorie, Methoden und Vorgehensweisen f\u00fcr das Tauchen mit geplanter stufenweiser Dekompression unter Verwendung von Helium in der Atemgasmischung. Dieser Kurs ist als Einzelkurs konzipiert, kann aber auch in Kombination mit dem TDI Advanced Nitrox Kurs unterrichtet werden (im Ermessen des Instructors) Ziel des Kurses ist es, Taucher in der Planung und Ausf\u00fchrung von Dekompressionstauchg\u00e4ngen bis zu einer Tiefe von maximal 45 Metern\/150 Fuss auszubilden.<\/p>\n<p>Gebr\u00e4uchliche Anforderungen an die Ausr\u00fcstung, Zusammenbau der Ausr\u00fcstung und Dekompressionstechniken werden abgehandelt. Teilnehmer d\u00fcrfen Nitrox und Heliumgemische mit nicht mehr als 20 % Helium, und bis zu 100% Sauerstoff f\u00fcr die Dekompression (innerhalb Ihres momentanen Ausbildungsstands) benutzen. Atemgasmischungen<br \/>\nmit mehr als 20 % Helium\u00a0(+\/- 5%) und\/oder weniger als 21 % Sauerstoff sind nicht erlaubt (+\/- 1%).<\/p>\n<p>&nbsp;<\/p>\n<p><strong>Qualifikation nach Abschlu\u00df<\/strong><\/p>\n<p>Nach erfolgreichem Abschluss dieses Kurses, darf der Sch\u00fcler Decompressionstauchg\u00e4nge auch ohne direkte Aufsicht planen und durchf\u00fchren, unter Verwendung von Helium und\/oder Nitrox Gemischen sofern:<br \/>\n1. Die Tauchaktivit\u00e4ten, denen der Ausbildung \u00e4hnlich sind.<br \/>\n2. Die Tauchaktivit\u00e4ten in Tauchumgebungen denen w\u00e4hrend der Ausbildung \u00e4hnlich sind.<br \/>\n3. Die Umgebung, derer w\u00e4hrend der Ausbildung, vergleichbar ist<br \/>\n4. Atemgasmischungen d\u00fcrfen nicht mehr als 20 % Helium (+\/- 5%), und nicht weniger als 21 % Sauerstoff enthalten\u00a0(+\/- 1%) und m\u00fcssen innerhalb des aktuellen Zertifizierungslevel sein.<\/p>\n<p><strong>Teilnehmervoraussetzungen<\/strong><\/p>\n<p>1. Mindestalter 18 Jahre<br \/>\n2. Advanced Diver mit Deep Specialty oder TDI Intro to Tech Diver oder vergleichbar<br \/>\n3. Mindestens zertifiziert als TDI Advanced Nitrox Diver oder vergleichbar Teilnehmer k\u00f6nnen zur gleichen Zeit in den TDI Helitrox und Advanced Nitrox Kurs eingeschrieben sein.<br \/>\n4. Nachweis \u00fcber mindestens 50 geloggte Tauchg\u00e4nge<\/p>\n<p>&nbsp;<\/p>\n<p><strong>Kursstruktur und -dauer<\/strong><\/p>\n<p>1. Es m\u00fcssen mindestens 4 Freiwassertauchg\u00e4nge absolviert werden, zwei dieser Tauchg\u00e4nge jedoch tiefer als 30 Meter\/100 Fuss<br \/>\n2. Wenn Advanced Nitrox mit dem Helitrox Programm kombiniert wird, sind insgesamt 6 Tauchg\u00e4nge erforderlich.<\/p>\n<p>&nbsp;<\/p>\n<p><strong>Notwendige Aus<\/strong><strong>r\u00fcstung<\/strong><\/p>\n<p>Die folgende Ausr\u00fcstung ist f\u00fcr diesen Kurs, f\u00fcr jeden Teilnehmer, vorgeschrieben:<br \/>\n1. Prim\u00e4re Tauchflasche(n), Tauchflaschengr\u00f6sse ausreichend f\u00fcr die geplante Tiefe und den Atemgasverbrauch des Teilnehmers<br \/>\n2. Tauchflaschen f\u00fcr das Dekompressionsgemisch<br \/>\n3. Tauchflaschenvolumen aursreichend f\u00fcr den geplanten Tauchgang und den Atemgasverbrauch des Teilnehmers<br \/>\n4. Gem\u00e4ss den Standards von TDI beschriftet<br \/>\n5. Tiefenmesser und automatischer Bottom Timer und\/oder Tauchcomputer<br \/>\n6. Atemregler<br \/>\n7. Prim\u00e4re und alternative Luftversorgung m\u00fcssen auf allen prim\u00e4ren Tauchflaschen montiert sein<br \/>\n8. Finimeter sind f\u00fcr alle prim\u00e4ren Tauchflaschen vorgeschrieben<br \/>\n9. Tarierjacket f\u00fcr die Ausr\u00fcstungskonfiguration passend<br \/>\n10. Leinenschneidwekzeug<br \/>\n11. Jon-line und andere Rigging Leinen wie erforderlich<br \/>\n12. Aufstiegsspule\/reel mit Hebesack\/Markierungsboje<br \/>\n13. An die Maximal geplante Tiefe angepasst<br \/>\n14. Mindestens 12 kg \/ 25 lb Liftbag<br \/>\n15. Zugang zu einem Sauerstoff- und Heliumanalyzers, kann vom Instructor zur Verf\u00fcgung gestellt werden<br \/>\n16. Tauchanzug den Bedingungen entsprechend<br \/>\n17. Unterwasserschreibtafel<\/p>\n<p>&nbsp;<\/p>\n<p><strong>Notwendige Fertigkeiten und Zertifizierungsanforderungen<\/strong><\/p>\n<p>Die folgenden Fertigkeiten m\u00fcssen vom Teilnehmer w\u00e4hrend der Freiwassertauchg\u00e4nge ausgef\u00fchrt werden:<\/p>\n<p>Skills-Wiederholung von fr\u00fcheren TDI Anforderungen Drills an Land<br \/>\n1. Auswahl und Vorbereitung der Ausr\u00fcstung f\u00fcr die Soft Overhead Umgebung<br \/>\n2. Durchf\u00fchrung der teamorientierten Drills, Buddy Checks f\u00fcr die Nutzung des Hebesacks<br \/>\n3. Durchf\u00fchrung der teamorientierten Drills, Buddy Checks f\u00fcr die Vorgehensweisen beim Gaswechsel<br \/>\n4. \u00dcbereinstimmende Atemgase im Buddy Team<br \/>\n5. Demonstrieren der Kenntnis von wichtigen Handzeichen<br \/>\n6. Demonstrieren angepasster Tauchgangsvorbereitung und -planung.<br \/>\na. Limits basierend auf dem Luftverbrauch von sich selbst und dem Team<br \/>\nb. Exaktes Tauchgangs- und Dekompressionssprofil<\/p>\n<p>Drills vor dem Tauchgang<br \/>\n1. Benutze START* vor jedem Tauchgang<br \/>\n2. Stressanalyse und dessen Reduzierung<br \/>\nDrills im Wasser<br \/>\n1. Demonstrieren von adequater Tarierungskantrolle (das Schweben in einer festen Position ohne H\u00e4nde oder F\u00fcsse zu bewegen.)<br \/>\n2. Sich durch Kommunikation, N\u00e4he und Teamorientierte Tauchaktivit\u00e4ten \u00fcber die Buddies\/ Teammitglieder bewusst sein<br \/>\n3. Demonstrieren des Schwimmens an der Oberf\u00e4che mit angelegtem Dekotank sowie beim Tauchen auf Tiefe<br \/>\n4. Demonstrieren von Sicherheit und Effizienz beim Ab- und anlegen des Dekotanks unter Aufrechterhaltung der neutralen Tarierung<br \/>\n5. Demonstrieren von Sicherheit und Effizienz beim Einsatz des Liftbags, alleine und als Teammitglied<br \/>\n6. Demonstrieren des kontrollierten stufenweisen Aufstiegs mit Liftbag\/Notfallaufstiegsleine (bei verlorener\/verpasster nicht gefundenen Aufstiegsleine)<br \/>\n7. Ab- und wieder anlegen der Maske (Einsatz der Ersatzmaske)<br \/>\n8. Demonstrieren des Managements bei Luftverlust vom Manifold, oder Ersten Stufe, Finimeter und prim\u00e4ren Atemregler<br \/>\n9. Reaktion auf die Fehlfunktion des BCD\/Wing; Niederdruckschlauch l\u00f6sen, Luft ablassen und BCD\/Wing bis zum Erreichen neutraler Tarierung oral bef\u00fcllen.<br \/>\n10. Demonstrieren von Sicherheit und Effizienz beim Atemgaswechsel auf Tiefe mit Buddy\/Teammitgliedern<br \/>\n11. Wechselatmung mit dem Dekompressionsatemgas w\u00e4hrend mindestens 1 Minute<br \/>\n12. Demonstrieren von Sicherheit und Effizienz bei der Reaktion auf einen simuliert abblasenden Dekompressionsatemregler<br \/>\n13. Demonstrieren von Sicherheit und Effizienz bei Ver\u00e4nderungen im Dekoplan im Notfall (zu lang, zu tief) (simuliert)<br \/>\n14. Abschleppen eines erm\u00fcdeten Tauchers unter Wasser und an der Wasseroberfl\u00e4che f\u00fcr eine min. Distanz von jeweils 30 Meter \/ 90 Fuss<br \/>\n15. Horizontales Schwimmen mit einem angehaltenen Atemzug auf einer Distanz von 15 Metern \/ 45 Fuss<br \/>\n16. Sichere und effiziente Tauchgangsausf\u00fchrung, innerhalb aller vorher festgelegten Limits:<br \/>\na. Zusammenbau der vom Taucher mitgef\u00fchrten Ausr\u00fcstung<\/p>\n<p>b. Richtige Abstiegs- Aufstiegsgeschwindigkeiten<br \/>\nc. Korrekte Vorgehensweisen bei der stufenweisen Dekompression<br \/>\nd. \u00dcberwachen des Dekompressionsstatus; Tabellen, Computer, Ausr\u00fcstung<br \/>\n17. Unvorhergesehene Situationen und Probleml\u00f6sung, auf Anleitung des Instructors:<br \/>\na. Ausgelassene Dekompression<br \/>\nb. Verl\u00e4ngertes Grundzeitprofil mit verl\u00e4ngerter Deko und neu kalkulierten Pl\u00e4nen<br \/>\nc. Fehler beim Einsatz des Liftbag und Reel<br \/>\nd. Verlorene\/verpasste up-line oder Bootsanker<br \/>\ne. Verlust des Dekogases<br \/>\n18. Ein Sicherheitsstop von min. 3 Minuten soll bei allen Nullzeittauchg\u00e4ngen durchgef\u00fchrt werden. Sichere und effiziente Ausf\u00fchrung der notwendigen stufenweisen Dekompression wann immer diese gefordert sind.<br \/>\n19. Demonstrieren von sicherem und effizientem \u201cTeilen von Atemgas\u201d in einem simulierten Notfall in einer gleichbeibenden Tiefe von nicht mehr als 30 Meter \/ 100 Fuss<br \/>\n20. Demonstrieren des Einsatzes des Backup Atemregler oder Bail-Out Scuba Systems, mit dem Bottom Mix in einer Tiefe von nicht mehr als 30 Meter \/ 100 Fuss<br \/>\n21. Demonstrieren des korrekten Einsatzes und Management von Bottom Mix, Dekompressionsmix und Travel Mix, wenn benutzt, inclusive, aber nicht limitiert auf:<br \/>\na. Konservatives Gasmanagement<br \/>\nb. Tiefenkontrolle, um nicht zu tief f\u00fcr den entsprechenden Mix zu gehen<br \/>\nc. Demonstrieren, angemessener und zeitlich korrekter Reaktionen auf die Anweisungen\/Signale des Instructors, und Tarierungskontrolle sowie allgemeine und umfassende Aufmerksamkeit w\u00e4hrend der Tauchg\u00e4nge<\/p>\n<p>&nbsp;<\/p>\n<p><strong>Um diesen Kurs erfolgreich abschliessen zu k\u00f6nnen, muss der Teilnehmer:<\/strong><\/p>\n<p>1. Den schriftlichen Abschusstest des TDI Decompression Procedures Kurses erfolgreich absolvieren, eLearning ist m\u00f6glich<br \/>\n2. Alle Freiwasseranforderungen sicher und effizient erf\u00fcllen<br \/>\n3. Demonstration korrekter, den Situationen angepasste Tauchgangsplanung und -ausf\u00fchrung<\/p>\n<p>&nbsp;<\/p>\n<p>Formulare zum Download<\/p>\n<p><a href=\"http:\/\/just-diving.com\/wp-content\/uploads\/2019\/10\/05-SDI-TDI-German-Medical-Statement-ausgef\u00fcllt.pdf\">SDI TDI German Medical Statement<\/a><\/p>\n<p><a href=\"http:\/\/just-diving.com\/wp-content\/uploads\/2019\/10\/03-SDI-German-Haftungsanerkennung-ausgef\u00fcllt.pdf\">SDI German Haftungsanerkennung<\/a><\/p>\n<p><a href=\"http:\/\/just-diving.com\/wp-content\/uploads\/2019\/10\/04-SDI-Genereller-Haftungsausschluss-und-Anerkennung-der-Risken.pdf\">SDI Genereller Haftungsausschluss und Anerkennung der Risken<\/a><\/p>\n<p><a href=\"http:\/\/just-diving.com\/wp-content\/uploads\/2020\/01\/02-Anmeldung-Kurs.pdf\">Anmeldung zum Kurs<\/a><\/p>\n<p>(Stand 01.01.2018)<\/p>\n","protected":false},"excerpt":{"rendered":"<p>Beschreibung Der TDI Helitrox Kurs befasst sich mit der Theorie, Methoden und Vorgehensweisen f\u00fcr das Tauchen mit geplanter stufenweiser Dekompression unter Verwendung von Helium in der Atemgasmischung. Dieser Kurs ist als Einzelkurs konzipiert, kann aber auch in Kombination mit dem&hellip; <\/p>\n","protected":false},"author":1,"featured_media":0,"parent":0,"menu_order":0,"comment_status":"closed","ping_status":"closed","template":"","meta":{"footnotes":""},"_links":{"self":[{"href":"https:\/\/just-diving.com\/index.php?rest_route=\/wp\/v2\/pages\/196"}],"collection":[{"href":"https:\/\/just-diving.com\/index.php?rest_route=\/wp\/v2\/pages"}],"about":[{"href":"https:\/\/just-diving.com\/index.php?rest_route=\/wp\/v2\/types\/page"}],"author":[{"embeddable":true,"href":"https:\/\/just-diving.com\/index.php?rest_route=\/wp\/v2\/users\/1"}],"replies":[{"embeddable":true,"href":"https:\/\/just-diving.com\/index.php?rest_route=%2Fwp%2Fv2%2Fcomments&post=196"}],"version-history":[{"count":7,"href":"https:\/\/just-diving.com\/index.php?rest_route=\/wp\/v2\/pages\/196\/revisions"}],"predecessor-version":[{"id":802,"href":"https:\/\/just-diving.com\/index.php?rest_route=\/wp\/v2\/pages\/196\/revisions\/802"}],"wp:attachment":[{"href":"https:\/\/just-diving.com\/index.php?rest_route=%2Fwp%2Fv2%2Fmedia&parent=196"}],"curies":[{"name":"wp","href":"https:\/\/api.w.org\/{rel}","templated":true}]}}