{"id":193,"date":"2019-10-11T20:12:08","date_gmt":"2019-10-11T20:12:08","guid":{"rendered":"http:\/\/just-diving.com\/?page_id=193"},"modified":"2020-01-18T17:38:05","modified_gmt":"2020-01-18T17:38:05","slug":"extended-range-diver","status":"publish","type":"page","link":"https:\/\/just-diving.com\/?page_id=193","title":{"rendered":"Extended Range Diver"},"content":{"rendered":"<p><strong>Beschreibung<\/strong><\/p>\n<p><strong>Damit du wei\u00dft, was du tust.<\/strong><\/p>\n<p>Dieser Kurs schult die Teilnehmer und stellt die Erfahrung zur Verf\u00fcgung, damit diese Tauchg\u00e4nge mit Luft bis zu einer Tiefe von 55 Metern, mit stufenweiser Dekompression unter Verwendung von Nitrox oder Sauerstoff, sicher und kompetent, geplant und durchgef\u00fchrt werden k\u00f6nnen.<\/p>\n<p>Ziel ist es weiterhin, Tauchern die notwendigen Techniken, Ausr\u00fcstungsanforderungen und Gefahren des Tieftauchens mit Luft n\u00e4her zu bringen, die Tauchg\u00e4nge mit Luft bis zu einer Tiefe von 55 Metern mit stufenweiser Dekompression unter Verwendung von Nitrox oder Sauerstoff mit sich bringen.<\/p>\n<p><strong>Qualifikation nach Abschlu\u00df<\/strong><br \/>\nNach erfolgreichem Abschluss dieses Kurses, darf der Sch\u00fcler Tauchg\u00e4nge mit stufenweiser<br \/>\nDekompression, auch ohne direkte Aufsicht planen und durchf\u00fchren sofern:<br \/>\n1. Die Tauchaktivit\u00e4ten, denen der Ausbildung \u00e4hnlich sind.<br \/>\n2. Die Tauchaktivit\u00e4ten in Tauchumgebungen denen w\u00e4hrend der Ausbildung \u00e4hnlich sind.<br \/>\n3. Die Umgebung, derer w\u00e4hrend der Ausbildung, vergleichbar ist<br \/>\nNach erfolgreichem Abschluss dieses Kurses, darf der Sch\u00fcler sich in folgende Kurse einschreiben:<br \/>\n1. TDI Advanced Wreck Kurs<br \/>\n2. TDI Trimix Kurs<br \/>\n3. Advanced Trimix<\/p>\n<p>&nbsp;<\/p>\n<p>Formulare zum Download<\/p>\n<p><a href=\"http:\/\/just-diving.com\/wp-content\/uploads\/2019\/10\/05-SDI-TDI-German-Medical-Statement-ausgef\u00fcllt.pdf\">SDI TDI German Medical Statement<\/a><\/p>\n<p><a href=\"http:\/\/just-diving.com\/wp-content\/uploads\/2019\/10\/03-SDI-German-Haftungsanerkennung-ausgef\u00fcllt.pdf\">SDI German Haftungsanerkennung<\/a><\/p>\n<p><a href=\"http:\/\/just-diving.com\/wp-content\/uploads\/2019\/10\/04-SDI-Genereller-Haftungsausschluss-und-Anerkennung-der-Risken.pdf\">SDI Genereller Haftungsausschluss und Anerkennung der Risken<\/a><\/p>\n<p><a href=\"http:\/\/just-diving.com\/wp-content\/uploads\/2020\/01\/02-Anmeldung-Kurs.pdf\">Anmeldung zum Kurs<\/a><\/p>\n<p>(Stand 01.01.2019)<\/p>\n","protected":false},"excerpt":{"rendered":"<p>Beschreibung Damit du wei\u00dft, was du tust. Dieser Kurs schult die Teilnehmer und stellt die Erfahrung zur Verf\u00fcgung, damit diese Tauchg\u00e4nge mit Luft bis zu einer Tiefe von 55 Metern, mit stufenweiser Dekompression unter Verwendung von Nitrox oder Sauerstoff, sicher&hellip; <\/p>\n","protected":false},"author":1,"featured_media":0,"parent":0,"menu_order":0,"comment_status":"closed","ping_status":"closed","template":"","meta":{"footnotes":""},"_links":{"self":[{"href":"https:\/\/just-diving.com\/index.php?rest_route=\/wp\/v2\/pages\/193"}],"collection":[{"href":"https:\/\/just-diving.com\/index.php?rest_route=\/wp\/v2\/pages"}],"about":[{"href":"https:\/\/just-diving.com\/index.php?rest_route=\/wp\/v2\/types\/page"}],"author":[{"embeddable":true,"href":"https:\/\/just-diving.com\/index.php?rest_route=\/wp\/v2\/users\/1"}],"replies":[{"embeddable":true,"href":"https:\/\/just-diving.com\/index.php?rest_route=%2Fwp%2Fv2%2Fcomments&post=193"}],"version-history":[{"count":5,"href":"https:\/\/just-diving.com\/index.php?rest_route=\/wp\/v2\/pages\/193\/revisions"}],"predecessor-version":[{"id":803,"href":"https:\/\/just-diving.com\/index.php?rest_route=\/wp\/v2\/pages\/193\/revisions\/803"}],"wp:attachment":[{"href":"https:\/\/just-diving.com\/index.php?rest_route=%2Fwp%2Fv2%2Fmedia&parent=193"}],"curies":[{"name":"wp","href":"https:\/\/api.w.org\/{rel}","templated":true}]}}