{"id":189,"date":"2019-10-11T20:11:00","date_gmt":"2019-10-11T20:11:00","guid":{"rendered":"http:\/\/just-diving.com\/?page_id=189"},"modified":"2020-01-18T17:38:34","modified_gmt":"2020-01-18T17:38:34","slug":"decompression-procedures","status":"publish","type":"page","link":"https:\/\/just-diving.com\/?page_id=189","title":{"rendered":"Decompression Procedures"},"content":{"rendered":"<div id=\"c507\">\n<div>\n<p><strong>Beschreibung<\/strong><\/p>\n<\/div>\n<p>Als Sporttaucher hast du dir \u00fcber Dekompression bisher kaum Gedanken gemacht. Der TDI Decompression Procedures Kurs bereitet dich auf geplante stufenweise Dekompression vor. Mit einer maximalen Tiefe von 45 Metern\/150 Fuss ist dieser Kurs der erste Schritt hinter die Grenzen des normalen Sporttauchens. Dein TDI Instructor wird Dir wertvolle Informationen und Fertigkeiten lehren. Der TDI Decompression Procedures Kurs kombiniert mit dem TDI Advanced Nitrox Kurs bildet das Fundament f\u00fcr alle weiteren Kurse im technischen Tauchen. Nach diesen beiden Kursen und noch zus\u00e4tzlicher Erfahrung ist der Weg f\u00fcr Dich vorbereitet weitere Schritte im technischen Tauchen zu unternehmen. Einige der Materialen die Du benutzen wirst sind das TDI Manual f\u00fcr Decompression Procedures und US Navy oder B\u00fchlmann Luft Dekompressions Tabellen (hergestellt aus Vinyl um sie im Wasser benutzen zu k\u00f6nnen).<\/p>\n<p>&nbsp;<\/p>\n<\/div>\n<div id=\"c506\">\n<div>\n<p><strong>Details<\/strong><\/p>\n<\/div>\n<p><strong>Decompression Procedures Diver<\/strong><\/p>\n<p>Als Sporttaucher hast du dir \u00fcber Dekompression bisher kaum Gedanken gemacht. Der TDI Decompression Procedures Kurs bereitet dich auf geplante stufenweise Dekompression vor. Mit einer maximalen Tiefe von 45 Metern\/150 Fuss ist dieser Kurs der erste Schritt hinter die Grenzen des normalen Sporttauchens. Dein TDI Instructor wird Dir wertvolle Informationen und Fertigkeiten lehren. Der TDI Decompression Procedures Kurs kombiniert mit dem TDI Advanced Nitrox Kurs bildet das Fundament f\u00fcr alle weiteren Kurse im technischen Tauchen. Nach diesen beiden Kursen und noch zus\u00e4tzlicher Erfahrung ist der Weg f\u00fcr Dich vorbereitet weitere Schritte im technischen Tauchen zu unternehmen. Einige der Materialen die Du benutzen wirst sind das TDI Manual f\u00fcr Decompression Procedures und US Navy oder B\u00fchlmann Luft Dekompressions Tabellen (hergestellt aus Vinyl um sie im Wasser benutzen zu k\u00f6nnen)<\/p>\n<p>Voraussetzungen:- 18 Jahre alt- Open Water Diver- \u00c4rztliche Bescheinigung- min. 25 Tauchg\u00e4nge<\/p>\n<p><strong>Erforderliches Material:<\/strong><\/p>\n<p>Folgendes wird f\u00fcr den Kurs ben\u00f6tigt:<br \/>\n\u2013 TDI Decompression Procedures Handbuch<br \/>\n\u2013 TDI Decompression Procedures Power Point Pr\u00e4sentation<\/p>\n<p>Die folgende Ausr\u00fcstung ist f\u00fcr jeden Sch\u00fcler erforderlich:<br \/>\n\u2013 Prim\u00e4re Tauchflasche(n) mit einem dem Tauchplan und Gasverbrauch des Sch\u00fclers angemessenen Gasvolumen<br \/>\n\u2013 Dekompressionsgas Tauchflasche(n): Mit einem dem Tauchplan und Gasverbrauch des Sch\u00fclers angemessenen Gasvolumen mit Manometer, Kennzeichnung gem\u00e4\u00df den TDI Statuten<br \/>\n\u2013 Tiefenmesser und automatischer Tauchzeitmesser und\/oder einen Tauchcomputer<br \/>\n\u2013 Lungenautomat(en): Prim\u00e4re und alternative zweite Stufe erforderlich an allen prim\u00e4ren Tauchflaschen, Manometer erforderlich an allen prim\u00e4ren Tauchflaschen<br \/>\n\u2013 Tariermittel der Ausr\u00fcstungskonfiguration angemessen<br \/>\n\u2013 Jon-Line oder Sicherheitsleine dem Tauchplatz angemessen<br \/>\n\u2013 Aufstiegsleine (Reel) mit Hebesack oder Markierungsboje: Der geplanten Maximaltiefe angepasst, mindestens 11kg Auftriebsvolumen<br \/>\n\u2013 Sauerstoff Analyseger\u00e4t (Instruktor darf eines bereitstellen)<br \/>\n\u2013 Tauchanzug dem Freiwasser angemessen<br \/>\n\u2013 Unterwasser-Schreibtafel<br \/>\n\u2013 Die Verwendung des TDI Decompression Procedures Handbuches ist f\u00fcr diesen Kurs vorgeschrieben, Instruktoren d\u00fcrfen allerdings jegliches zus\u00e4tzliches Material nutzen, um das Erreichen der Lernziele zu unterst\u00fctzen.<\/p>\n<p><strong>Kursinhalt:<\/strong><br \/>\n\u2013 \u00dcberblick von Dekompressions-Sicherheitsstopps im Vergleich zu erforderlichen Stopps<br \/>\n\u2013 Physik: Wiederholung Drucktheorie<br \/>\n\u2013 Physiologie: Bewegungslehre von Blasenformationen, Vorteile sauerstoffangereicherter Atemgase f\u00fcr die Dekompression, Stickstoff Aufnahme und Abbau, Kohlendioxid Giftigkeit, Aufstiegs- und Abstiegsgeschwindigkeit, Hyperthermie, Hypothermie, Psychologische Aspekte: Aufgabenf\u00fclle, Stress, Panik; Zeitplanung; Ausr\u00fcstung<br \/>\n\u2013 Dekompressionsoptionen: Luft, Nitrox, Sauerstoff<br \/>\n\u2013 Ausr\u00fcstungs\u00fcberlegungen: Doppelflaschen- oder Einzelflaschen-Optionen, Ventiloptionen, Stage-Flaschen Optionen, Lungenautomaten Optionen, Harness \/ Tariermittel-Optionen, Computer, Tiefenmesser, automatischer Tauchzeitmesser Optionen, Aufstiegs- und Navigationsleinen (Reel), Hebes\u00e4cke \/ Markierungsbojen zum Treiben oder freien Dekompression, Jon-Line oder Garvin-Clips, Bleimenge und Tarierungskontrolle w\u00e4hrend des Tauchens und der Dekompression<br \/>\n\u2013 Tauchtabellen oder Computer: Einf\u00fchrung und Wiederholung verschiedener Modelle (B\u00fchlmann, DCIEM, US Navy), richtiger Gebrauch von Tauchcomputern f\u00fcr Tauchplanung und Dekompression, Gasgemisch einstellbar, 02 integriert<br \/>\n\u2013 Tauchgangsplanung: Standardablauf, Atemgas Erfordernisse, Sauerstoff Grenzen, Stickstoff Grenzen, Notfallplanung, vers\u00e4umte Dekompression, Dekompressionskrankheit, Ausr\u00fcstungsversagen<br \/>\n\u2013 Vorgehen: Prim\u00e4res und Dekompressions-Gas, normaler Betrieb, Fehler, Verlust oder falsches Notfallverfahren, Analyse und Dokumentation, Sicherung der Dekompressionsflaschen-Lungenautomaten, verstauen und Entfaltung der Dekompressionsausr\u00fcstung, Abstieg: Einstiegsmethoden, Abstiegsseile oder freier Abstieg, Organisation der vom Taucher mitgef\u00fchrten Ausr\u00fcstung, Aufstieg: Variable Geschwindigkeit, Trimmung und Kompensation, station\u00e4re oder treibende Dekompressionsmethoden, am Grund befestigte Aufstiegsseile, Seilspulen (Reels) und Hebes\u00e4cke \/ Markierungsbojen, frei treibende Dekoflaschen oder Versorgung vom Boot aus, Selbstversorgung contra Oberfl\u00e4chenversorgung \/ deponierte Dekoflaschen, Unterst\u00fctzung vom Ufer, von Aufstiegsseilen oder festen Plattformen, von Safari-Booten<\/p>\n<p><strong>Leistungsanforderungen:<\/strong><\/p>\n<p>Die folgenden Fertigkeiten m\u00fcssen w\u00e4hrend der Tauchg\u00e4nge vom Sch\u00fcler demonstriert werden:<br \/>\n\u2013 Demonstration einer ad\u00e4quaten Tauchgangsplanung, Grenzen basierend auf dem pers\u00f6nlichen und Team-Gasverbrauch, exaktes Tauch- und Dekompressionsprofil<br \/>\n\u2013 Exakte Durchf\u00fchrung des geplanten Tauchganges unter Ber\u00fccksichtigung der ermittelten Grenzen, Montage der vom Taucher mitgef\u00fchrten Ausr\u00fcstung, angemessene Abstiegs- und Aufstieggeschwindigkeiten, angemessenes Dekompressionsstopp-Verfahren, \u00dcberwachung der Dekompressionsstatus-Ausr\u00fcstung (Tabellen, Computer, Ausr\u00fcstung)<br \/>\n\u2013 Unvorhersehbare Situationen und Probleml\u00f6sung (nach Ermessen des Instruktors): Vers\u00e4umte Dekompression, \u00fcberzogene Grundzeit mit erh\u00f6hter Dekompression und neuberechnetem Tauchplan, nicht m\u00f6gliches Entfalten des Hebesacks und der Seilspule (Reel), nicht auffindbare Aufstiegsleine oder Bootanker, Verlust des Dekompressionsgases<br \/>\n\u2013 Ein Sicherheitsstop von mindestens 3 Minuten ist bei jedem Nullzeit-Tauchgang durchzuf\u00fchren sowie angemessene Dekompressionsstopps wann und wo immer sie vorgeschrieben sind<br \/>\n\u2013 Demonstration des korrekten Einsatzes eines Hebesacks mittels Seilspule und\/oder Aufstiegsleine, simulierte Demonstration von station\u00e4rer Wechselatmung bei einer Tauchtiefe von maximal 30 Metern<br \/>\n\u2013 Demonstration des Einsatzes eines Zweitautomaten (Backup) oder eines anderen Notfallsystems (Bail-Out) mit Grundatemgas bei einer Tauchtiefe von maximal 30 Metern<br \/>\n\u2013 Demonstration des angemessenen Einsatzes, Managements und Gebrauchs des Grundatemgases, Dekompressionsgases und weiterer Mischungen (Travel Mix), falls vorhanden, inklusive aber nicht begrenzt auf, konservatives Gas-Management, Tiefenkontrolle zwecks Vermeidung des zu tiefen Abtauchens mit dem jeweiligen Gas, angemessene und zeitnahe Reaktion auf Signale des Tauchlehrers, Tarierungskontrolle und bewusstes Handeln w\u00e4hrend des gesamten Tauchganges.<\/p>\n<p>Um den Kurs erfolgreich abzuschlie\u00dfen, m\u00fcssen die Sch\u00fcler:<br \/>\n\u2013 Die schriftliche Pr\u00fcfung des TDI Decompression Procedures Kurses erfolgreich bestehen<br \/>\n\u2013 Die Freiwasser Fertigkeiten sicher und effektiv demonstrieren<br \/>\n\u2013 Durchdachte, tadellose Tauchgangsplanung und -durchf\u00fchrung demonstrieren<\/p>\n<\/div>\n<p>&nbsp;<\/p>\n<p>Formulare zum Download<\/p>\n<p><a href=\"http:\/\/just-diving.com\/wp-content\/uploads\/2019\/10\/05-SDI-TDI-German-Medical-Statement-ausgef\u00fcllt.pdf\">SDI TDI German Medical Statement<\/a><\/p>\n<p><a href=\"http:\/\/just-diving.com\/wp-content\/uploads\/2019\/10\/03-SDI-German-Haftungsanerkennung-ausgef\u00fcllt.pdf\">SDI German Haftungsanerkennung<\/a><\/p>\n<p><a href=\"http:\/\/just-diving.com\/wp-content\/uploads\/2019\/10\/04-SDI-Genereller-Haftungsausschluss-und-Anerkennung-der-Risken.pdf\">SDI Genereller Haftungsausschluss und Anerkennung der Risken<\/a><\/p>\n<p><a href=\"http:\/\/just-diving.com\/wp-content\/uploads\/2020\/01\/02-Anmeldung-Kurs.pdf\">Anmeldung zum Kurs<\/a><\/p>\n<p>(Stand 01.01.2018)<\/p>\n","protected":false},"excerpt":{"rendered":"<p>Beschreibung Als Sporttaucher hast du dir \u00fcber Dekompression bisher kaum Gedanken gemacht. Der TDI Decompression Procedures Kurs bereitet dich auf geplante stufenweise Dekompression vor. Mit einer maximalen Tiefe von 45 Metern\/150 Fuss ist dieser Kurs der erste Schritt hinter die&hellip; <\/p>\n","protected":false},"author":1,"featured_media":0,"parent":0,"menu_order":0,"comment_status":"closed","ping_status":"closed","template":"","meta":{"footnotes":""},"_links":{"self":[{"href":"https:\/\/just-diving.com\/index.php?rest_route=\/wp\/v2\/pages\/189"}],"collection":[{"href":"https:\/\/just-diving.com\/index.php?rest_route=\/wp\/v2\/pages"}],"about":[{"href":"https:\/\/just-diving.com\/index.php?rest_route=\/wp\/v2\/types\/page"}],"author":[{"embeddable":true,"href":"https:\/\/just-diving.com\/index.php?rest_route=\/wp\/v2\/users\/1"}],"replies":[{"embeddable":true,"href":"https:\/\/just-diving.com\/index.php?rest_route=%2Fwp%2Fv2%2Fcomments&post=189"}],"version-history":[{"count":6,"href":"https:\/\/just-diving.com\/index.php?rest_route=\/wp\/v2\/pages\/189\/revisions"}],"predecessor-version":[{"id":804,"href":"https:\/\/just-diving.com\/index.php?rest_route=\/wp\/v2\/pages\/189\/revisions\/804"}],"wp:attachment":[{"href":"https:\/\/just-diving.com\/index.php?rest_route=%2Fwp%2Fv2%2Fmedia&parent=189"}],"curies":[{"name":"wp","href":"https:\/\/api.w.org\/{rel}","templated":true}]}}