{"id":185,"date":"2019-10-11T20:09:35","date_gmt":"2019-10-11T20:09:35","guid":{"rendered":"http:\/\/just-diving.com\/?page_id=185"},"modified":"2020-01-18T17:39:00","modified_gmt":"2020-01-18T17:39:00","slug":"advanced-nitrox-diver","status":"publish","type":"page","link":"https:\/\/just-diving.com\/?page_id=185","title":{"rendered":"Advanced Nitrox Diver"},"content":{"rendered":"<div id=\"c503\">\n<div>\n<p><strong>Beschreibung<\/strong><\/p>\n<\/div>\n<p>Der TDI Advanced Nitrox Kurs qualifiziert Taucher Nitrox Gemische von EAN21 bis zu reinem Sauerstoff einzusetzen. Die maximale Tiefe in diesem Kurs betr\u00e4gt 40 Meter\/130 Fuss, es handelt sich um Nullzeittauchg\u00e4nge. Oftmals zusammen mit dem TDI Decompression Procedures Kurs gegeben kann man dieses als das Fundament f\u00fcr Deine Laufbahn im technischen Tauchen bezeichnen. Advanced Nitrox ist ebenso ein guter Kurs f\u00fcr Taucher welche auf flachen Tauchg\u00e4ngen ihre Nullzeit erh\u00f6hen m\u00f6chten, wie zum Beispiel Wissenschaftstaucher, und ist ein muss f\u00fcr SCR und CCR Taucher.<\/p>\n<p>&nbsp;<\/p>\n<\/div>\n<div id=\"c502\">\n<div>\n<p><strong>Details<\/strong><\/p>\n<\/div>\n<p><strong>Advanced Nitrox Diver<\/strong><\/p>\n<p>Der TDI Advanced Nitrox Kurs qualifiziert Taucher Nitrox Gemische von EAN21 bis zu reinem Sauerstoff einzusetzen. Die maximale Tiefe in diesem Kurs betr\u00e4gt 40 Meter\/130 Fuss, es handelt sich um Nullzeittauchg\u00e4nge. Oftmals zusammen mit dem TDI Decompression Procedures Kurs gegeben kann man dieses als das Fundament f\u00fcr Deine Laufbahn im technischen Tauchen bezeichnen. Advanced Nitrox ist ebenso ein guter Kurs f\u00fcr Taucher welche auf flachen Tauchg\u00e4ngen ihre Nullzeit erh\u00f6hen m\u00f6chten, wie zum Beispiel Wissenschaftstaucher, und ist ein muss f\u00fcr SCR und CCR Taucher.<\/p>\n<p><strong>Voraussetzungen:<br \/>\n<\/strong><\/p>\n<p>\u2013 15 Jahre alt- Basic Nitrox Diver- \u00c4rztliche Bescheinigung- min. 25 Tauchg\u00e4nge<\/p>\n<p><strong>Erforderliches Material:<\/strong><\/p>\n<p>Folgendes wird f\u00fcr den Kurs ben\u00f6tigt:<br \/>\n\u2013 TDI Advanced Nitrox Handbuch<br \/>\n\u2013 TDI Advanced Nitrox Power Point Pr\u00e4sentation (optional)<br \/>\n\u2013 TDI EAD \/ P02 Tabellen (optional)<\/p>\n<p><strong>Die folgende Ausr\u00fcstung ist f\u00fcr jeden Sch\u00fcler erforderlich:<\/strong><br \/>\n\u2013 Alternative zweite Stufe (Octopus) am prim\u00e4ren Lungenautomat (Erste Stufe) oder eine separate Flasche mit Lungenautomat (370 Liter Mindestvolumen)<br \/>\n\u2013 Ein Manometer<br \/>\n\u2013 Tiefenmesser und automatischer Tauchzeitmesser und\/oder einen Tauchcomputer<br \/>\n\u2013 Tarierweste mit Niederdruckanschluss<br \/>\n\u2013 Tauchanzug dem Freiwasser angemessen<br \/>\n\u2013 Tauchflasche und Lungenautomat korrekt gekennzeichnet und ges\u00e4ubert f\u00fcr die Verwendung von EAN Gemischen<br \/>\n\u2013\u00a0 Zugriff auf Sauerstoff Analyseger\u00e4t (Instruktor darf eines bereitstellen)<\/p>\n<p>Die Verwendung des TDI Advanced Nitrox Handbuches ist f\u00fcr diesen Kurs vorgeschrieben, Instruktoren d\u00fcrfen allerdings jegliches zus\u00e4tzliches Material nutzen, um das Erreichen der Lernziele zu unterst\u00fctzen.<\/p>\n<p><strong>Kursinhalt:<br \/>\n<\/strong>\u2013 Physik: Wiederholung Drucktheorie<\/p>\n<p>\u2013 Physiologie: Hypoxie, Sauerstoff Giftigkeit: Gesamter K\u00f6rper (OTU?s), Zentrales Nervensystem (CNS); Stickstoff Narkose, Stickstoff Aufnahme und Abbau; Kohlendioxid Giftigkeit; Kohlenmonoxid Giftigkeit<br \/>\n\u2013 Formelkunde: Best Mix Berechnungen, Maximale Tauchtiefe MOD (Maximum Operating Depth) und Mix Berechnungen<br \/>\n\u2013 \u00dcberlegungen zur Ausr\u00fcstung: Bis zu 40% Sauerstoffanteil und \u00fcber 40% Sauerstoffanteil<br \/>\n\u2013 Tauchtabellen: Vergleichbare Lufttiefe EAD (Equivalent Air Depth) mit jeder Tabelle, Computer generierte Tabellen<br \/>\n\u2013 Tauchcomputer: Gasgemisch einstellbar und 02 integriert<br \/>\n\u2013 Tauchplanung: Operation Planung; Anforderungen Gasgemisch; Sauerstoff Grenzen; Stickstoff Grenzen<br \/>\n\u2013 \u00dcbliche Mischverfahren (eine Methode demonstrieren): Partialdruck Mischung, Laufendes Mischen, Membranfilter System<br \/>\n\u2013 Dekompression: EAN Gebrauch als Dekompressionsgemisch z.B. 50\/50, 80\/20 etc, Sauerstoff zur Dekompression, Vorteile \/ Nachteile bei mehrfachem Gemischwechsel<\/p>\n<p><strong>Leistungsanforderungen:<\/strong><\/p>\n<p>Die maximale Tauchtiefe darf 40 Meter\u00a0<strong>nicht<\/strong>\u00a0\u00fcbersteigen.<\/p>\n<p>Die folgenden Fertigkeiten m\u00fcssen bei jedem Tauchgang vom Sch\u00fcler demonstriert werden:<br \/>\n\u2013 Korrekte Analyse der Gemische<br \/>\n\u2013 Demonstration einer ad\u00e4quaten Tauchgangsplanung: Grenzen basierend auf dem pers\u00f6nlichen Gasverbrauch, Grenzen basierend auf Sauerstoff und der geplanten Tiefe mit dem jeweiligen Gemisch, Grenzen basierend auf Stickstoff und der geplanten Tiefe mit dem jeweiligen Gemisch<br \/>\n\u2013 Exakte Durchf\u00fchrung des geplanten Tauchganges unter Ber\u00fccksichtigung der ermittelten Grenzen<\/p>\n<p>Um den Kurs erfolgreich abzuschlie\u00dfen, m\u00fcssen die Sch\u00fcler:<br \/>\n\u2013 Die schriftliche Pr\u00fcfung des TDI Advanced Nitrox Kurses erfolgreich bestehen<br \/>\n\u2013 Die Freiwasser Fertigkeiten sicher und effektiv demonstrieren<br \/>\n\u2013 Durchdachte, tadellose Tauchgangsplanung und -durchf\u00fchrung demonstrieren<\/p>\n<\/div>\n<p>&nbsp;<\/p>\n<p>Formulare zum Download<\/p>\n<p><a href=\"http:\/\/just-diving.com\/wp-content\/uploads\/2019\/10\/05-SDI-TDI-German-Medical-Statement-ausgef\u00fcllt.pdf\">SDI TDI German Medical Statement<\/a><\/p>\n<p><a href=\"http:\/\/just-diving.com\/wp-content\/uploads\/2019\/10\/03-SDI-German-Haftungsanerkennung-ausgef\u00fcllt.pdf\">SDI German Haftungsanerkennung<\/a><\/p>\n<p><a href=\"http:\/\/just-diving.com\/wp-content\/uploads\/2019\/10\/04-SDI-Genereller-Haftungsausschluss-und-Anerkennung-der-Risken.pdf\">SDI Genereller Haftungsausschluss und Anerkennung der Risken<\/a><\/p>\n<p><a href=\"http:\/\/just-diving.com\/wp-content\/uploads\/2020\/01\/02-Anmeldung-Kurs.pdf\">Anmeldung zum Kurs<\/a><\/p>\n<div id=\"c502\">\n<p>(Stand 01.01.2018)<\/p>\n<\/div>\n","protected":false},"excerpt":{"rendered":"<p>Beschreibung Der TDI Advanced Nitrox Kurs qualifiziert Taucher Nitrox Gemische von EAN21 bis zu reinem Sauerstoff einzusetzen. Die maximale Tiefe in diesem Kurs betr\u00e4gt 40 Meter\/130 Fuss, es handelt sich um Nullzeittauchg\u00e4nge. Oftmals zusammen mit dem TDI Decompression Procedures Kurs&hellip; <\/p>\n","protected":false},"author":1,"featured_media":0,"parent":0,"menu_order":0,"comment_status":"closed","ping_status":"closed","template":"","meta":{"footnotes":""},"_links":{"self":[{"href":"https:\/\/just-diving.com\/index.php?rest_route=\/wp\/v2\/pages\/185"}],"collection":[{"href":"https:\/\/just-diving.com\/index.php?rest_route=\/wp\/v2\/pages"}],"about":[{"href":"https:\/\/just-diving.com\/index.php?rest_route=\/wp\/v2\/types\/page"}],"author":[{"embeddable":true,"href":"https:\/\/just-diving.com\/index.php?rest_route=\/wp\/v2\/users\/1"}],"replies":[{"embeddable":true,"href":"https:\/\/just-diving.com\/index.php?rest_route=%2Fwp%2Fv2%2Fcomments&post=185"}],"version-history":[{"count":6,"href":"https:\/\/just-diving.com\/index.php?rest_route=\/wp\/v2\/pages\/185\/revisions"}],"predecessor-version":[{"id":805,"href":"https:\/\/just-diving.com\/index.php?rest_route=\/wp\/v2\/pages\/185\/revisions\/805"}],"wp:attachment":[{"href":"https:\/\/just-diving.com\/index.php?rest_route=%2Fwp%2Fv2%2Fmedia&parent=185"}],"curies":[{"name":"wp","href":"https:\/\/api.w.org\/{rel}","templated":true}]}}