{"id":177,"date":"2019-10-11T20:06:43","date_gmt":"2019-10-11T20:06:43","guid":{"rendered":"http:\/\/just-diving.com\/?page_id=177"},"modified":"2020-01-18T17:39:11","modified_gmt":"2020-01-18T17:39:11","slug":"intro-to-tech","status":"publish","type":"page","link":"https:\/\/just-diving.com\/?page_id=177","title":{"rendered":"Intro to Tech"},"content":{"rendered":"<p><strong>Beschreibung<\/strong><\/p>\n<p>Der TDI Intro to Tech Diving Kurs ist f\u00fcr Einsteiger ins technische Tauchen gedacht. Der Kurs ist das optimale Fundament f\u00fcr alle weiteren Kurse im technischen Tauchen.<\/p>\n<p><strong>Kursinhalt:<\/strong><br \/>\nIm Kurs werden die Taucher mit der Ausr\u00fcstungskonfiguration vertraut gemacht, Tarierung und Trim werden erlernt \/ verbessert, Flossenschlagtechniken erkl\u00e4rt und erlernt.Weiter werden die Themen Situationsbewusstsein, Awareness, Partnerbewusstsein, Tauchgangsplanung, Gasplanung und Unterwasserkommunikation behandelt.<\/p>\n<p><strong>Dieser Kurs ist das Fundament f\u00fcr alle weiteren TDI Kursprogramme<\/strong><\/p>\n<p><strong>Kursvoraussetzungen:<\/strong><\/p>\n<ul>\n<li>Mindestalter: 15 Jahre<\/li>\n<li>Open Water Diver oder \u00e4quivalent<\/li>\n<li>mindestens 25 geloggte Tauchg\u00e4nge<\/li>\n<li>\u00c4rztliches Tauchtauglichkeitsattest (nicht \u00e4lter als 1 Jahr)<\/li>\n<\/ul>\n<p>&nbsp;<\/p>\n<p>Formulare zum Download<\/p>\n<p><a href=\"http:\/\/just-diving.com\/wp-content\/uploads\/2019\/10\/05-SDI-TDI-German-Medical-Statement-ausgef\u00fcllt.pdf\">SDI TDI German Medical Statement<\/a><\/p>\n<p><a href=\"http:\/\/just-diving.com\/wp-content\/uploads\/2019\/10\/03-SDI-German-Haftungsanerkennung-ausgef\u00fcllt.pdf\">SDI German Haftungsanerkennung<\/a><\/p>\n<p><a href=\"http:\/\/just-diving.com\/wp-content\/uploads\/2019\/10\/04-SDI-Genereller-Haftungsausschluss-und-Anerkennung-der-Risken.pdf\">SDI Genereller Haftungsausschluss und Anerkennung der Risken<\/a><\/p>\n<p><a href=\"http:\/\/just-diving.com\/wp-content\/uploads\/2020\/01\/02-Anmeldung-Kurs.pdf\">Anmeldung zum Kurs<\/a><\/p>\n<p>(Stand 01.01.2018)<\/p>\n","protected":false},"excerpt":{"rendered":"<p>Beschreibung Der TDI Intro to Tech Diving Kurs ist f\u00fcr Einsteiger ins technische Tauchen gedacht. Der Kurs ist das optimale Fundament f\u00fcr alle weiteren Kurse im technischen Tauchen. Kursinhalt: Im Kurs werden die Taucher mit der Ausr\u00fcstungskonfiguration vertraut gemacht, Tarierung&hellip; <\/p>\n","protected":false},"author":1,"featured_media":0,"parent":0,"menu_order":0,"comment_status":"closed","ping_status":"closed","template":"","meta":{"footnotes":""},"_links":{"self":[{"href":"https:\/\/just-diving.com\/index.php?rest_route=\/wp\/v2\/pages\/177"}],"collection":[{"href":"https:\/\/just-diving.com\/index.php?rest_route=\/wp\/v2\/pages"}],"about":[{"href":"https:\/\/just-diving.com\/index.php?rest_route=\/wp\/v2\/types\/page"}],"author":[{"embeddable":true,"href":"https:\/\/just-diving.com\/index.php?rest_route=\/wp\/v2\/users\/1"}],"replies":[{"embeddable":true,"href":"https:\/\/just-diving.com\/index.php?rest_route=%2Fwp%2Fv2%2Fcomments&post=177"}],"version-history":[{"count":7,"href":"https:\/\/just-diving.com\/index.php?rest_route=\/wp\/v2\/pages\/177\/revisions"}],"predecessor-version":[{"id":806,"href":"https:\/\/just-diving.com\/index.php?rest_route=\/wp\/v2\/pages\/177\/revisions\/806"}],"wp:attachment":[{"href":"https:\/\/just-diving.com\/index.php?rest_route=%2Fwp%2Fv2%2Fmedia&parent=177"}],"curies":[{"name":"wp","href":"https:\/\/api.w.org\/{rel}","templated":true}]}}