{"id":168,"date":"2019-10-11T19:59:35","date_gmt":"2019-10-11T19:59:35","guid":{"rendered":"http:\/\/just-diving.com\/?page_id=168"},"modified":"2022-04-14T18:47:04","modified_gmt":"2022-04-14T18:47:04","slug":"das-trainingscenter-2","status":"publish","type":"page","link":"https:\/\/just-diving.com\/?page_id=168","title":{"rendered":"Das Trainingscenter"},"content":{"rendered":"<p><strong><em>Die Tauchschule f\u00fcr Profis\u00a0<\/em><\/strong><strong><em>und s<\/em><\/strong><strong><em>olche, die es werden wollen.<\/em><\/strong><\/p>\n<p>Als Vollzeit Tauchcenter bieten wir Dir t\u00e4glich von fr\u00fch bis sp\u00e4t alles rund ums\u00a0Tauchen. Angefangen vom\u00a0<strong>Schnuppertauchen<\/strong>, \u00fcber Aus- und Weiterbildung bis hin zu\u00a0<strong>besonderen Angeboten<\/strong>\u00a0\u00fcber das\u00a0<strong>Sporttauchen<\/strong>\u00a0hinaus bis in die unendlichen Bereiche des technischen Tauchens.<\/p>\n<p>Von Deinen allerersten Erfahrungen mit der\u00a0<strong>Unterwasserwelt<\/strong>\u00a0bis zum\u00a0<strong>Profitaucher<\/strong>\u00a0ist alles drin \u2013 w\u00e4hle einfach aus unserem umfangreichen\u00a0<strong>Kursangebot<\/strong>\u00a0oder plane mit uns<strong>\u00a0individuelle Programme<\/strong>\u00a0ganz nach Deinen Vorstellungen.<\/p>\n<p>Die\u00a0<strong>Ausbildung<\/strong> erfolgt bei uns nach SDI und TDI Richlinien.<\/p>\n<h3>SDI |TDI | ERDI 5 Star Professional Development CENTER<\/h3>\n<p class=\"\"><img loading=\"lazy\" decoding=\"async\" class=\"size-medium wp-image-9503 aligncenter tc-smart-load-skip czr-smart-loaded\" src=\"https:\/\/www.tauchakademiebodensee.de\/wp-content\/uploads\/1_FIVE_SDI-180x300.jpg\" sizes=\"(max-width: 180px) 100vw, 180px\" srcset=\"https:\/\/www.tauchakademiebodensee.de\/wp-content\/uploads\/1_FIVE_SDI-180x300.jpg 180w, https:\/\/www.tauchakademiebodensee.de\/wp-content\/uploads\/1_FIVE_SDI-150x250.jpg 150w, https:\/\/www.tauchakademiebodensee.de\/wp-content\/uploads\/1_FIVE_SDI-300x500.jpg 300w, https:\/\/www.tauchakademiebodensee.de\/wp-content\/uploads\/1_FIVE_SDI-614x1024.jpg 614w, https:\/\/www.tauchakademiebodensee.de\/wp-content\/uploads\/1_FIVE_SDI.jpg 1228w\" alt=\"\" width=\"180\" height=\"300\" \/><\/p>\n","protected":false},"excerpt":{"rendered":"<p>Die Tauchschule f\u00fcr Profis\u00a0und solche, die es werden wollen. Als Vollzeit Tauchcenter bieten wir Dir t\u00e4glich von fr\u00fch bis sp\u00e4t alles rund ums\u00a0Tauchen. Angefangen vom\u00a0Schnuppertauchen, \u00fcber Aus- und Weiterbildung bis hin zu\u00a0besonderen Angeboten\u00a0\u00fcber das\u00a0Sporttauchen\u00a0hinaus bis in die unendlichen Bereiche des&hellip; <\/p>\n","protected":false},"author":1,"featured_media":0,"parent":0,"menu_order":0,"comment_status":"closed","ping_status":"closed","template":"","meta":{"footnotes":""},"_links":{"self":[{"href":"https:\/\/just-diving.com\/index.php?rest_route=\/wp\/v2\/pages\/168"}],"collection":[{"href":"https:\/\/just-diving.com\/index.php?rest_route=\/wp\/v2\/pages"}],"about":[{"href":"https:\/\/just-diving.com\/index.php?rest_route=\/wp\/v2\/types\/page"}],"author":[{"embeddable":true,"href":"https:\/\/just-diving.com\/index.php?rest_route=\/wp\/v2\/users\/1"}],"replies":[{"embeddable":true,"href":"https:\/\/just-diving.com\/index.php?rest_route=%2Fwp%2Fv2%2Fcomments&post=168"}],"version-history":[{"count":5,"href":"https:\/\/just-diving.com\/index.php?rest_route=\/wp\/v2\/pages\/168\/revisions"}],"predecessor-version":[{"id":861,"href":"https:\/\/just-diving.com\/index.php?rest_route=\/wp\/v2\/pages\/168\/revisions\/861"}],"wp:attachment":[{"href":"https:\/\/just-diving.com\/index.php?rest_route=%2Fwp%2Fv2%2Fmedia&parent=168"}],"curies":[{"name":"wp","href":"https:\/\/api.w.org\/{rel}","templated":true}]}}