{"id":165,"date":"2019-10-11T19:58:41","date_gmt":"2019-10-11T19:58:41","guid":{"rendered":"http:\/\/just-diving.com\/?page_id=165"},"modified":"2019-10-14T17:14:04","modified_gmt":"2019-10-14T17:14:04","slug":"wreck-diver","status":"publish","type":"page","link":"https:\/\/just-diving.com\/?page_id=165","title":{"rendered":"Wreck Diver"},"content":{"rendered":"<p><strong>Beschreibung<\/strong><\/p>\n<p>Wracktauchen kann einen sehr aufregenden Aspekt des Tauchens darstellen. Wir m\u00fcssen jedoch alles Notwendige unternehmen um Wracktauchg\u00e4nge eine sichere Erfahrung werden zu lassen. Dieser Kurs zeigt Tauchern die notwendigen Kenntnisse und Fertigkeiten die f\u00fcr das Wracktauchen n\u00f6tig sind, bez\u00fcglich sicherer Tauchtechniken und Ausr\u00fcstungsanforderungen. Dieser Kurs hat 2 Optionen: Ohne Penetration mit 2 Tauchg\u00e4ngen, und mit limitierter Penetration mit 3 Tauchg\u00e4ngen. Limitierte Penetration ist als durchswimmen oder als eindringen innerhalb des Radius in dem ausreichende Tageslichtverh\u00e4ltnisse herrschen definiert.<\/p>\n<p><strong>Teilnehmervoraussetzungen<\/strong><br \/>\n1. SDI Open Water Scuba Diver oder vergleichbar<br \/>\n2. Mindestens 18 Jahre alt, 15 mit schriftlichem Einverst\u00e4ndnis des Erziehungsberechtigten<br \/>\n3. Mindestens 10 Jahre alt, mit schriftlichem Einverst\u00e4ndnis des Erziehungsberechtigten f\u00fcr die Option ohnePenetration des Wracks<br \/>\n4. Junior Open Water Diver d\u00fcrfen an keiner Penetration des Wracks teilnehmen und nicht tiefer als 18<br \/>\nmtr\/60 ft tauchen.<br \/>\n5. Taucher m\u00fcssen einen Deep Diver Specialty Kurs absolviert haben, oder Erfahrungen im Tieftauchen<br \/>\nnachweisen k\u00f6nnen, um bei diesem Kurs tiefer als 18 Meter\/ 60 Fu\u00df tauchen zu d\u00fcrfen<\/p>\n<p><strong>Kursstruktur und -dauer\u00a0Freiwasserausf\u00fchrung<\/strong><br \/>\n1. 2 Tauchg\u00e4nge sind vorgeschrieben, inklusiv der dazu geh\u00f6renden Briefings und Debriefings durch den<br \/>\nInstructor<br \/>\n2. Tauchpl\u00e4ne m\u00fcssen Nullzeitgrenzen, Oberfl\u00e4chenpausen usw. enthalten. Tauchg\u00e4nge m\u00fcssen geloggt<br \/>\nwerden<br \/>\n3. Ein zus\u00e4tzlicher Tauchgang ist notwendig, wenn der Kurs mit der limitierten Penetration durchgef\u00fchrt wird<\/p>\n<p>&nbsp;<\/p>\n<p>Formulare zum Download<\/p>\n<p><a href=\"http:\/\/just-diving.com\/wp-content\/uploads\/2019\/10\/05-SDI-TDI-German-Medical-Statement-ausgef\u00fcllt.pdf\">SDI TDI German Medical Statement<\/a><\/p>\n<p><a href=\"http:\/\/just-diving.com\/wp-content\/uploads\/2019\/10\/03-SDI-German-Haftungsanerkennung-ausgef\u00fcllt.pdf\">SDI German Haftungsanerkennung<\/a><\/p>\n<p><a href=\"http:\/\/just-diving.com\/wp-content\/uploads\/2019\/10\/04-SDI-Genereller-Haftungsausschluss-und-Anerkennung-der-Risken.pdf\">SDI Genereller Haftungsausschluss und Anerkennung der Risken<\/a><\/p>\n<p><a href=\"http:\/\/just-diving.com\/wp-content\/uploads\/2019\/10\/02-Anmeldung-Kurs.pdf\">Anmeldung zum Kurs<\/a><\/p>\n<p>(Stand 01.01.2018)<\/p>\n","protected":false},"excerpt":{"rendered":"<p>Beschreibung Wracktauchen kann einen sehr aufregenden Aspekt des Tauchens darstellen. Wir m\u00fcssen jedoch alles Notwendige unternehmen um Wracktauchg\u00e4nge eine sichere Erfahrung werden zu lassen. Dieser Kurs zeigt Tauchern die notwendigen Kenntnisse und Fertigkeiten die f\u00fcr das Wracktauchen n\u00f6tig sind, bez\u00fcglich&hellip; <\/p>\n","protected":false},"author":1,"featured_media":0,"parent":0,"menu_order":0,"comment_status":"closed","ping_status":"closed","template":"","meta":{"footnotes":""},"_links":{"self":[{"href":"https:\/\/just-diving.com\/index.php?rest_route=\/wp\/v2\/pages\/165"}],"collection":[{"href":"https:\/\/just-diving.com\/index.php?rest_route=\/wp\/v2\/pages"}],"about":[{"href":"https:\/\/just-diving.com\/index.php?rest_route=\/wp\/v2\/types\/page"}],"author":[{"embeddable":true,"href":"https:\/\/just-diving.com\/index.php?rest_route=\/wp\/v2\/users\/1"}],"replies":[{"embeddable":true,"href":"https:\/\/just-diving.com\/index.php?rest_route=%2Fwp%2Fv2%2Fcomments&post=165"}],"version-history":[{"count":5,"href":"https:\/\/just-diving.com\/index.php?rest_route=\/wp\/v2\/pages\/165\/revisions"}],"predecessor-version":[{"id":716,"href":"https:\/\/just-diving.com\/index.php?rest_route=\/wp\/v2\/pages\/165\/revisions\/716"}],"wp:attachment":[{"href":"https:\/\/just-diving.com\/index.php?rest_route=%2Fwp%2Fv2%2Fmedia&parent=165"}],"curies":[{"name":"wp","href":"https:\/\/api.w.org\/{rel}","templated":true}]}}