{"id":160,"date":"2019-10-11T19:56:58","date_gmt":"2019-10-11T19:56:58","guid":{"rendered":"http:\/\/just-diving.com\/?page_id=160"},"modified":"2019-10-14T17:12:31","modified_gmt":"2019-10-14T17:12:31","slug":"solo-diver","status":"publish","type":"page","link":"https:\/\/just-diving.com\/?page_id=160","title":{"rendered":"Solo Diver"},"content":{"rendered":"<p><strong><span style=\"font-size: 1.0625rem;\">Beschreibung<\/span><\/strong><\/p>\n<div id=\"c451\">\n<div>\n<div><span style=\"font-size: 1.0625rem;\">Einer der popul\u00e4rsten Kurse von SDI unterrichtet im Solotaucher Programm erfahrene Taucher, wie man unabh\u00e4ngig von einem Buddy sicher taucht oder ein Buddyteam st\u00e4rkt.<\/span><\/div>\n<\/div>\n<p>Dieser Kurs lehrt die richtige Tauchgangsplanung, pers\u00f6nliche Beschr\u00e4nkungen, Unfallverh\u00fctung sowie die Vorteile, Gefahren und die richtigen Verfahren f\u00fcr das Solotauchen. Sie werden auch \u00fcber die zus\u00e4tzliche Ausr\u00fcstung unterrichtet, ihren Gebrauch und Zusammenbau die Sie f\u00fcr das Solotauchen ben\u00f6tigen.<\/p>\n<p>Das ist der perfekte Kurs f\u00fcr Unterwasser Fotografen und Video Taucher.<\/p>\n<p>Das SDI Solodiver Brevet ist das\u00a0<strong>einzig<\/strong>\u00a0versicherbare Solotauchbrevet.<\/p>\n<p><strong style=\"font-size: 1.0625rem;\">Details:<\/strong><\/p>\n<\/div>\n<div id=\"c452\">\n<div>Das Ziel dieses Kurses ist Tauchern, die Vorteile &amp; Gefahren und die richtigen Verfahren zu lehren, die notwenig sind um sicher Solo tauchen zu k\u00f6nnen. Nach erfolgreichem Abschluss des Kurses darf der Taucher Solo tauchen.<\/div>\n<p><strong>Kursvorrausetzungen Tauchsch\u00fcler:<\/strong><\/p>\n<ul>\n<li>mind. 21 Jahre alt<\/li>\n<li>mind. AOWD Taucher oder gleichwertig<\/li>\n<li>mind. 100 geloggte Tauchg\u00e4nge<\/li>\n<li>SDI Solo Diver Haftungsausschluss und die Anerkennung der Risiken<\/li>\n<li>SDI Erk\u00e4rung \u00fcber den Gesundheitszustand<\/li>\n<\/ul>\n<p><strong>Kursanforderungen Tauchgang 1<\/strong>:<\/p>\n<p>Tauchgangsplanung durch den Instructor<\/p>\n<p>Alle \u00dcbungen werden im Freiwasser auf einer Plattform im 6 bis 9m Bereich durchgef\u00fchrt!<\/p>\n<p>200 m schwimmen an der Wasseroberfl\u00e4che mit kompletter Ausr\u00fcstung<\/p>\n<p>Probleml\u00f6sen:<\/p>\n<p>Wiedererlangen des LA, Maske halb und ganz fluten, wechseln auf Backup Maske, Inflatorschlauch Jacket und Trocki abkoppeln, Blei aus und wieder an, Krampf l\u00f6sen, wechseln auf Stage, Sicherheitsstop an selbstgesetzter Boje<\/p>\n<p>Rettungsfertigkeiten:<\/p>\n<p>Ventil Drill, SMB setzen, Kontrolliert schwimmender Notaufstieg, Aufstieg ohne Maske<\/p>\n<p>&nbsp;<\/p>\n<p><strong>Kursanforderungen Tauchgang 2:<\/strong><\/p>\n<p>Tauchgangsplanung durch den Sch\u00fcler<\/p>\n<p>Alle \u00dcbungen werden im Freiwasser frei schwebend in einer Tiefe von 20 bis 30 m durchgef\u00fchrt!<\/p>\n<p>Zus\u00e4tzlich die Demonstration von Navigationsfertigkeiten unter Wasser<\/p>\n<\/div>\n<p>&nbsp;<\/p>\n<p>Formulare zum Download<\/p>\n<p><a href=\"http:\/\/just-diving.com\/wp-content\/uploads\/2019\/10\/Solo-Diver-Haftungserkl\u00e4rung.pdf\">Solo Diver Haftungserkl\u00e4rung<\/a><\/p>\n<p><a href=\"http:\/\/just-diving.com\/wp-content\/uploads\/2019\/10\/05-SDI-TDI-German-Medical-Statement-ausgef\u00fcllt.pdf\">SDI TDI German Medical Statement<\/a><\/p>\n<p><a href=\"http:\/\/just-diving.com\/wp-content\/uploads\/2019\/10\/03-SDI-German-Haftungsanerkennung-ausgef\u00fcllt.pdf\">SDI German Haftungsanerkennung<\/a><\/p>\n<p><a href=\"http:\/\/just-diving.com\/wp-content\/uploads\/2019\/10\/04-SDI-Genereller-Haftungsausschluss-und-Anerkennung-der-Risken.pdf\">SDI Genereller Haftungsausschluss und Anerkennung der Risken<\/a><\/p>\n<p><a href=\"http:\/\/just-diving.com\/wp-content\/uploads\/2019\/10\/02-Anmeldung-Kurs.pdf\">Anmeldung zum Kurs<\/a><\/p>\n<div id=\"c452\">\n<p>&nbsp;<\/p>\n<\/div>\n<p>(Stand 01.01.2018)<\/p>\n","protected":false},"excerpt":{"rendered":"<p>Beschreibung Einer der popul\u00e4rsten Kurse von SDI unterrichtet im Solotaucher Programm erfahrene Taucher, wie man unabh\u00e4ngig von einem Buddy sicher taucht oder ein Buddyteam st\u00e4rkt. Dieser Kurs lehrt die richtige Tauchgangsplanung, pers\u00f6nliche Beschr\u00e4nkungen, Unfallverh\u00fctung sowie die Vorteile, Gefahren und die&hellip; <\/p>\n","protected":false},"author":1,"featured_media":0,"parent":0,"menu_order":0,"comment_status":"closed","ping_status":"closed","template":"","meta":{"footnotes":""},"_links":{"self":[{"href":"https:\/\/just-diving.com\/index.php?rest_route=\/wp\/v2\/pages\/160"}],"collection":[{"href":"https:\/\/just-diving.com\/index.php?rest_route=\/wp\/v2\/pages"}],"about":[{"href":"https:\/\/just-diving.com\/index.php?rest_route=\/wp\/v2\/types\/page"}],"author":[{"embeddable":true,"href":"https:\/\/just-diving.com\/index.php?rest_route=\/wp\/v2\/users\/1"}],"replies":[{"embeddable":true,"href":"https:\/\/just-diving.com\/index.php?rest_route=%2Fwp%2Fv2%2Fcomments&post=160"}],"version-history":[{"count":6,"href":"https:\/\/just-diving.com\/index.php?rest_route=\/wp\/v2\/pages\/160\/revisions"}],"predecessor-version":[{"id":711,"href":"https:\/\/just-diving.com\/index.php?rest_route=\/wp\/v2\/pages\/160\/revisions\/711"}],"wp:attachment":[{"href":"https:\/\/just-diving.com\/index.php?rest_route=%2Fwp%2Fv2%2Fmedia&parent=160"}],"curies":[{"name":"wp","href":"https:\/\/api.w.org\/{rel}","templated":true}]}}