{"id":157,"date":"2019-10-11T19:55:01","date_gmt":"2019-10-11T19:55:01","guid":{"rendered":"http:\/\/just-diving.com\/?page_id=157"},"modified":"2019-10-14T17:12:01","modified_gmt":"2019-10-14T17:12:01","slug":"sidemount-diver","status":"publish","type":"page","link":"https:\/\/just-diving.com\/?page_id=157","title":{"rendered":"Sidemount Diver"},"content":{"rendered":"<p><strong>Beschreibung<\/strong><\/p>\n<p>Dieser Kurs wurde geschaffen, um bereits zertifizierten Tauchern den sicheren Umgang mit Sidemount, als Alternative zu der traditionellen Konfiguration, zu lehren. Dieser Kurs erlaubt nur Nullzeittauchg\u00e4nge mit einer maximalen Tiefe von 40 m oder innerhalb der Limits der Zertifizierung des Tauchers wenn diese eine geringere Tiefe erlauben.<\/p>\n<p><strong>Teilnehmervoraussetzungen<\/strong><br \/>\n1. Mindestens zertifiziert als SDI Open Water Scuba Diver oder vergleichbar<br \/>\n2. Mindestens 18 Jahre alt, 15 mit schriftlichem Einverst\u00e4ndnis des Erziehungsberechtigten<\/p>\n<p><strong>Kursstruktur und -dauer\u00a0Ausf\u00fchrung imWasser<\/strong><br \/>\n1. 2 Tauchg\u00e4nge sind vorgeschrieben, inklusiv der dazu geh\u00f6renden Briefings und Debriefings durch den<br \/>\nInstructor<br \/>\n2. Tauchpl\u00e4ne m\u00fcssen Nullzeitgrenzen, Oberfl\u00e4chenpausen usw. enthalten. Tauchg\u00e4nge m\u00fcssen geloggt<br \/>\nwerden<br \/>\n3. Dies ist KEIN Kurs um in \u201eOverhead \u201c Situationen zu tauchen.<\/p>\n<p>&nbsp;<\/p>\n<p>Formulare zum Download<\/p>\n<p><a href=\"http:\/\/just-diving.com\/wp-content\/uploads\/2019\/10\/05-SDI-TDI-German-Medical-Statement-ausgef\u00fcllt.pdf\">SDI TDI German Medical Statement<\/a><\/p>\n<p><a href=\"http:\/\/just-diving.com\/wp-content\/uploads\/2019\/10\/03-SDI-German-Haftungsanerkennung-ausgef\u00fcllt.pdf\">SDI German Haftungsanerkennung<\/a><\/p>\n<p><a href=\"http:\/\/just-diving.com\/wp-content\/uploads\/2019\/10\/04-SDI-Genereller-Haftungsausschluss-und-Anerkennung-der-Risken.pdf\">SDI Genereller Haftungsausschluss und Anerkennung der Risken<\/a><\/p>\n<p><a href=\"http:\/\/just-diving.com\/wp-content\/uploads\/2019\/10\/02-Anmeldung-Kurs.pdf\">Anmeldung zum Kurs<\/a><\/p>\n<p>(Stand 01.01.2018)<\/p>\n","protected":false},"excerpt":{"rendered":"<p>Beschreibung Dieser Kurs wurde geschaffen, um bereits zertifizierten Tauchern den sicheren Umgang mit Sidemount, als Alternative zu der traditionellen Konfiguration, zu lehren. Dieser Kurs erlaubt nur Nullzeittauchg\u00e4nge mit einer maximalen Tiefe von 40 m oder innerhalb der Limits der Zertifizierung&hellip; <\/p>\n","protected":false},"author":1,"featured_media":0,"parent":0,"menu_order":0,"comment_status":"closed","ping_status":"closed","template":"","meta":{"footnotes":""},"_links":{"self":[{"href":"https:\/\/just-diving.com\/index.php?rest_route=\/wp\/v2\/pages\/157"}],"collection":[{"href":"https:\/\/just-diving.com\/index.php?rest_route=\/wp\/v2\/pages"}],"about":[{"href":"https:\/\/just-diving.com\/index.php?rest_route=\/wp\/v2\/types\/page"}],"author":[{"embeddable":true,"href":"https:\/\/just-diving.com\/index.php?rest_route=\/wp\/v2\/users\/1"}],"replies":[{"embeddable":true,"href":"https:\/\/just-diving.com\/index.php?rest_route=%2Fwp%2Fv2%2Fcomments&post=157"}],"version-history":[{"count":4,"href":"https:\/\/just-diving.com\/index.php?rest_route=\/wp\/v2\/pages\/157\/revisions"}],"predecessor-version":[{"id":710,"href":"https:\/\/just-diving.com\/index.php?rest_route=\/wp\/v2\/pages\/157\/revisions\/710"}],"wp:attachment":[{"href":"https:\/\/just-diving.com\/index.php?rest_route=%2Fwp%2Fv2%2Fmedia&parent=157"}],"curies":[{"name":"wp","href":"https:\/\/api.w.org\/{rel}","templated":true}]}}