{"id":154,"date":"2019-10-11T19:54:08","date_gmt":"2019-10-11T19:54:08","guid":{"rendered":"http:\/\/just-diving.com\/?page_id=154"},"modified":"2019-10-14T17:11:47","modified_gmt":"2019-10-14T17:11:47","slug":"shore-beach-diver","status":"publish","type":"page","link":"https:\/\/just-diving.com\/?page_id=154","title":{"rendered":"Shore\/Beach Diver"},"content":{"rendered":"<p><strong>Beschreibung<\/strong><\/p>\n<p>Dieser Kurs wurde geschaffen um Tauchern die Kenntnisse und Fertigkeiten zu vermitteln die notwendig sind, um auf sichere Art und Weise, Tauchg\u00e4nge vom Strand aus planen und durchf\u00fchren zu k\u00f6nnen. Der Fokus liegt hierbei auf den verschiedenen Verfahrens- und Vorgehensweisen bei unterschiedlichen Bedingungen.<\/p>\n<p><strong> Teilnehmervoraussetzungen<\/strong><br \/>\n1. SDI Open Water Scuba Diver, SDI Junior Open Water Scuba Diver, oder vergleichbare Zertifizierung, oder<br \/>\naktuelle Einschreibung in einen dieser Kurse<br \/>\n2. Mindestens 18 Jahre alt, 10 mit schriftlichem Einverst\u00e4ndnis des Erziehungsberechtigten<\/p>\n<p><strong>Kursstruktur und -dauer\u00a0Freiwasserausf\u00fchrung<\/strong><br \/>\n1. 2 Tauchg\u00e4nge sind vorgeschrieben, inklusiv der dazu geh\u00f6renden Briefings und Debriefings durch den<br \/>\nInstructor<br \/>\n2. Tauchpl\u00e4ne m\u00fcssen Nullzeitgrenzen, Oberfl\u00e4chenpausen usw. enthalten. Tauchg\u00e4nge m\u00fcssen geloggt<br \/>\nwerden<\/p>\n<p>&nbsp;<\/p>\n<p>Formulare zum Download<\/p>\n<p><a href=\"http:\/\/just-diving.com\/wp-content\/uploads\/2019\/10\/05-SDI-TDI-German-Medical-Statement-ausgef\u00fcllt.pdf\">SDI TDI German Medical Statement<\/a><\/p>\n<p><a href=\"http:\/\/just-diving.com\/wp-content\/uploads\/2019\/10\/03-SDI-German-Haftungsanerkennung-ausgef\u00fcllt.pdf\">SDI German Haftungsanerkennung<\/a><\/p>\n<p><a href=\"http:\/\/just-diving.com\/wp-content\/uploads\/2019\/10\/04-SDI-Genereller-Haftungsausschluss-und-Anerkennung-der-Risken.pdf\">SDI Genereller Haftungsausschluss und Anerkennung der Risken<\/a><\/p>\n<p><a href=\"http:\/\/just-diving.com\/wp-content\/uploads\/2019\/10\/02-Anmeldung-Kurs.pdf\">Anmeldung zum Kurs<\/a><\/p>\n<p>(Stand 01.01.2018)<\/p>\n","protected":false},"excerpt":{"rendered":"<p>Beschreibung Dieser Kurs wurde geschaffen um Tauchern die Kenntnisse und Fertigkeiten zu vermitteln die notwendig sind, um auf sichere Art und Weise, Tauchg\u00e4nge vom Strand aus planen und durchf\u00fchren zu k\u00f6nnen. Der Fokus liegt hierbei auf den verschiedenen Verfahrens- und&hellip; <\/p>\n","protected":false},"author":1,"featured_media":0,"parent":0,"menu_order":0,"comment_status":"closed","ping_status":"closed","template":"","meta":{"footnotes":""},"_links":{"self":[{"href":"https:\/\/just-diving.com\/index.php?rest_route=\/wp\/v2\/pages\/154"}],"collection":[{"href":"https:\/\/just-diving.com\/index.php?rest_route=\/wp\/v2\/pages"}],"about":[{"href":"https:\/\/just-diving.com\/index.php?rest_route=\/wp\/v2\/types\/page"}],"author":[{"embeddable":true,"href":"https:\/\/just-diving.com\/index.php?rest_route=\/wp\/v2\/users\/1"}],"replies":[{"embeddable":true,"href":"https:\/\/just-diving.com\/index.php?rest_route=%2Fwp%2Fv2%2Fcomments&post=154"}],"version-history":[{"count":4,"href":"https:\/\/just-diving.com\/index.php?rest_route=\/wp\/v2\/pages\/154\/revisions"}],"predecessor-version":[{"id":709,"href":"https:\/\/just-diving.com\/index.php?rest_route=\/wp\/v2\/pages\/154\/revisions\/709"}],"wp:attachment":[{"href":"https:\/\/just-diving.com\/index.php?rest_route=%2Fwp%2Fv2%2Fmedia&parent=154"}],"curies":[{"name":"wp","href":"https:\/\/api.w.org\/{rel}","templated":true}]}}