{"id":144,"date":"2019-10-11T19:49:31","date_gmt":"2019-10-11T19:49:31","guid":{"rendered":"http:\/\/just-diving.com\/?page_id=144"},"modified":"2019-10-14T17:13:04","modified_gmt":"2019-10-14T17:13:04","slug":"navigation-diver","status":"publish","type":"page","link":"https:\/\/just-diving.com\/?page_id=144","title":{"rendered":"Underwater Navigation Diver"},"content":{"rendered":"<div>\n<p><strong>Beschreibung<\/strong><\/p>\n<\/div>\n<div>Dieser Kurs wurde geschaffen um Tauchern ein besseres und sicheres Verst\u00e4ndnis \u00fcber Grundlagen der Navigation zu vermitteln, sei es als Kompass- oder nat\u00fcrliche Navigation, oder die Kombination von beidem.<\/div>\n<div>\n<p><strong>Teilnehmervoraussetzungen<\/strong>:<\/p>\n<ul>\n<li>SDI Open Water Scuba Diver, SDI Junior Open Water Scuba Diver oder vergleichbar<\/li>\n<li>Mindestens 18 Jahre alt, 10 mit schriftlichem Einverst\u00e4ndnis des Erziehungsberechtigten<\/li>\n<\/ul>\n<\/div>\n<p>&nbsp;<\/p>\n<p>Formulare zum Download<\/p>\n<p><a href=\"http:\/\/just-diving.com\/wp-content\/uploads\/2019\/10\/05-SDI-TDI-German-Medical-Statement-ausgef\u00fcllt.pdf\">SDI TDI German Medical Statement<\/a><\/p>\n<p><a href=\"http:\/\/just-diving.com\/wp-content\/uploads\/2019\/10\/03-SDI-German-Haftungsanerkennung-ausgef\u00fcllt.pdf\">SDI German Haftungsanerkennung<\/a><\/p>\n<p><a href=\"http:\/\/just-diving.com\/wp-content\/uploads\/2019\/10\/04-SDI-Genereller-Haftungsausschluss-und-Anerkennung-der-Risken.pdf\">SDI Genereller Haftungsausschluss und Anerkennung der Risken<\/a><\/p>\n<p><a href=\"http:\/\/just-diving.com\/wp-content\/uploads\/2019\/10\/02-Anmeldung-Kurs.pdf\">Anmeldung zum Kurs<\/a><\/p>\n<div>\n<p>&nbsp;<\/p>\n<p>(Stand 01.01.2018)<\/p>\n<\/div>\n<p>&nbsp;<\/p>\n","protected":false},"excerpt":{"rendered":"<p>Beschreibung Dieser Kurs wurde geschaffen um Tauchern ein besseres und sicheres Verst\u00e4ndnis \u00fcber Grundlagen der Navigation zu vermitteln, sei es als Kompass- oder nat\u00fcrliche Navigation, oder die Kombination von beidem. Teilnehmervoraussetzungen: SDI Open Water Scuba Diver, SDI Junior Open Water&hellip; <\/p>\n","protected":false},"author":1,"featured_media":0,"parent":0,"menu_order":0,"comment_status":"closed","ping_status":"closed","template":"","meta":{"footnotes":""},"_links":{"self":[{"href":"https:\/\/just-diving.com\/index.php?rest_route=\/wp\/v2\/pages\/144"}],"collection":[{"href":"https:\/\/just-diving.com\/index.php?rest_route=\/wp\/v2\/pages"}],"about":[{"href":"https:\/\/just-diving.com\/index.php?rest_route=\/wp\/v2\/types\/page"}],"author":[{"embeddable":true,"href":"https:\/\/just-diving.com\/index.php?rest_route=\/wp\/v2\/users\/1"}],"replies":[{"embeddable":true,"href":"https:\/\/just-diving.com\/index.php?rest_route=%2Fwp%2Fv2%2Fcomments&post=144"}],"version-history":[{"count":6,"href":"https:\/\/just-diving.com\/index.php?rest_route=\/wp\/v2\/pages\/144\/revisions"}],"predecessor-version":[{"id":713,"href":"https:\/\/just-diving.com\/index.php?rest_route=\/wp\/v2\/pages\/144\/revisions\/713"}],"wp:attachment":[{"href":"https:\/\/just-diving.com\/index.php?rest_route=%2Fwp%2Fv2%2Fmedia&parent=144"}],"curies":[{"name":"wp","href":"https:\/\/api.w.org\/{rel}","templated":true}]}}