{"id":134,"date":"2019-10-11T19:36:05","date_gmt":"2019-10-11T19:36:05","guid":{"rendered":"http:\/\/just-diving.com\/?page_id=134"},"modified":"2019-10-14T17:05:36","modified_gmt":"2019-10-14T17:05:36","slug":"ice-diver","status":"publish","type":"page","link":"https:\/\/just-diving.com\/?page_id=134","title":{"rendered":"Ice Diver"},"content":{"rendered":"<p><strong>Beschreibung<\/strong><\/p>\n<p>Eistauchen kann ein neuer und wundersch\u00f6ner Aspekt des Tauchens darstellen. Als Winteraktivit\u00e4t, \u00f6ffnet es das Tauchen als Sport f\u00fcr das ganze Jahr bei Verwendung eines Trockentauchanzuges und belohnt h\u00e4ufig mit glasklaren Sichten. Eistauchen beinhaltet aber Gefahren, die uns aus dem Sporttauchen unbekannt sind. Deswegen ist spezielle Ausbildung notwendig. Ziel dieses Kurses ist es dir die verschiedenen Gefahren, Verhaltens- und Verfahrensweisen, die in diesem Zusammenhang stehen n\u00e4her zu bringen, um sicher unter Eis tauchen zu k\u00f6nnen.<\/p>\n<p><strong> Teilnehmervoraussetzungen<\/strong><br \/>\n1. SDI Open Water Scuba Diver oder vergleichbar<br \/>\n2. Mindestalter 18 Jahre<\/p>\n<p><strong>Kursstruktur und -dauer\u00a0Freiwasserausf\u00fchrung<\/strong><br \/>\n1. 2 Tauchg\u00e4nge sind vorgeschrieben, inklusiv der dazu geh\u00f6renden Briefings und Debriefings durch den<br \/>\nInstructor<br \/>\n2. Tauchpl\u00e4ne m\u00fcssen Nullzeitgrenzen, Oberfl\u00e4chenpausen usw. enthalten. Tauchg\u00e4nge m\u00fcssen geloggt<br \/>\nwerden<\/p>\n<p>&nbsp;<\/p>\n<p>Formulare zum Download<\/p>\n<p><a href=\"http:\/\/just-diving.com\/wp-content\/uploads\/2019\/10\/05-SDI-TDI-German-Medical-Statement-ausgef\u00fcllt.pdf\">SDI TDI German Medical Statement<\/a><\/p>\n<p><a href=\"http:\/\/just-diving.com\/wp-content\/uploads\/2019\/10\/03-SDI-German-Haftungsanerkennung-ausgef\u00fcllt.pdf\">SDI German Haftungsanerkennung<\/a><\/p>\n<p><a href=\"http:\/\/just-diving.com\/wp-content\/uploads\/2019\/10\/04-SDI-Genereller-Haftungsausschluss-und-Anerkennung-der-Risken.pdf\">SDI Genereller Haftungsausschluss und Anerkennung der Risken<\/a><\/p>\n<p><a href=\"http:\/\/just-diving.com\/wp-content\/uploads\/2019\/10\/02-Anmeldung-Kurs.pdf\">Anmeldung zum Kurs<\/a><\/p>\n","protected":false},"excerpt":{"rendered":"<p>Beschreibung Eistauchen kann ein neuer und wundersch\u00f6ner Aspekt des Tauchens darstellen. Als Winteraktivit\u00e4t, \u00f6ffnet es das Tauchen als Sport f\u00fcr das ganze Jahr bei Verwendung eines Trockentauchanzuges und belohnt h\u00e4ufig mit glasklaren Sichten. Eistauchen beinhaltet aber Gefahren, die uns aus&hellip; <\/p>\n","protected":false},"author":1,"featured_media":0,"parent":0,"menu_order":0,"comment_status":"closed","ping_status":"closed","template":"","meta":{"footnotes":""},"_links":{"self":[{"href":"https:\/\/just-diving.com\/index.php?rest_route=\/wp\/v2\/pages\/134"}],"collection":[{"href":"https:\/\/just-diving.com\/index.php?rest_route=\/wp\/v2\/pages"}],"about":[{"href":"https:\/\/just-diving.com\/index.php?rest_route=\/wp\/v2\/types\/page"}],"author":[{"embeddable":true,"href":"https:\/\/just-diving.com\/index.php?rest_route=\/wp\/v2\/users\/1"}],"replies":[{"embeddable":true,"href":"https:\/\/just-diving.com\/index.php?rest_route=%2Fwp%2Fv2%2Fcomments&post=134"}],"version-history":[{"count":4,"href":"https:\/\/just-diving.com\/index.php?rest_route=\/wp\/v2\/pages\/134\/revisions"}],"predecessor-version":[{"id":704,"href":"https:\/\/just-diving.com\/index.php?rest_route=\/wp\/v2\/pages\/134\/revisions\/704"}],"wp:attachment":[{"href":"https:\/\/just-diving.com\/index.php?rest_route=%2Fwp%2Fv2%2Fmedia&parent=134"}],"curies":[{"name":"wp","href":"https:\/\/api.w.org\/{rel}","templated":true}]}}