{"id":131,"date":"2019-10-11T19:35:03","date_gmt":"2019-10-11T19:35:03","guid":{"rendered":"http:\/\/just-diving.com\/?page_id=131"},"modified":"2019-10-14T16:58:35","modified_gmt":"2019-10-14T16:58:35","slug":"equipment-diver","status":"publish","type":"page","link":"https:\/\/just-diving.com\/?page_id=131","title":{"rendered":"Equipment Diver"},"content":{"rendered":"<p><strong>Beschreibung<\/strong><\/p>\n<p>Dieser Kurs gibt dir einen tiefen Einblick und damit auch mehr Verst\u00e4ndnis \u00fcber die Arbeits- &amp; Funktionsweise der Tauchausr\u00fcstung. Pflege und kleinere Reparaturen an verschiedenen Modellen von Tarierjackets, Atemreglern, Tauchanz\u00fcgen und anderem Zubeh\u00f6r sind ebenfalls Bestandteil dieses Kurs.<\/p>\n<p>Dies hilft dir bei deiner eigenen Ausr\u00fcstung und bewahrt dich eventuell vor einer Fehlinvestition.<\/p>\n<p><strong>Teilnehmervoraussetzungen<\/strong><br \/>\n1. Mindestens 18 Jahre alt, 10 mit schriftlichem Einverst\u00e4ndnis des Erziehungsberechtigten<\/p>\n<p>&nbsp;<\/p>\n<p>Formulare zum Download<\/p>\n<p><a href=\"http:\/\/just-diving.com\/wp-content\/uploads\/2019\/10\/05-SDI-TDI-German-Medical-Statement-ausgef\u00fcllt.pdf\">SDI TDI German Medical Statement<\/a><\/p>\n<p><a href=\"http:\/\/just-diving.com\/wp-content\/uploads\/2019\/10\/03-SDI-German-Haftungsanerkennung-ausgef\u00fcllt.pdf\">SDI German Haftungsanerkennung<\/a><\/p>\n<p><a href=\"http:\/\/just-diving.com\/wp-content\/uploads\/2019\/10\/04-SDI-Genereller-Haftungsausschluss-und-Anerkennung-der-Risken.pdf\">SDI Genereller Haftungsausschluss und Anerkennung der Risken<\/a><\/p>\n<p><a href=\"http:\/\/just-diving.com\/wp-content\/uploads\/2019\/10\/02-Anmeldung-Kurs.pdf\">Anmeldung zum Kurs<\/a><\/p>\n<p>&nbsp;<\/p>\n<p>(Stand 01.01.2018)<\/p>\n","protected":false},"excerpt":{"rendered":"<p>Beschreibung Dieser Kurs gibt dir einen tiefen Einblick und damit auch mehr Verst\u00e4ndnis \u00fcber die Arbeits- &amp; Funktionsweise der Tauchausr\u00fcstung. Pflege und kleinere Reparaturen an verschiedenen Modellen von Tarierjackets, Atemreglern, Tauchanz\u00fcgen und anderem Zubeh\u00f6r sind ebenfalls Bestandteil dieses Kurs. Dies&hellip; <\/p>\n","protected":false},"author":1,"featured_media":0,"parent":0,"menu_order":0,"comment_status":"closed","ping_status":"closed","template":"","meta":{"footnotes":""},"_links":{"self":[{"href":"https:\/\/just-diving.com\/index.php?rest_route=\/wp\/v2\/pages\/131"}],"collection":[{"href":"https:\/\/just-diving.com\/index.php?rest_route=\/wp\/v2\/pages"}],"about":[{"href":"https:\/\/just-diving.com\/index.php?rest_route=\/wp\/v2\/types\/page"}],"author":[{"embeddable":true,"href":"https:\/\/just-diving.com\/index.php?rest_route=\/wp\/v2\/users\/1"}],"replies":[{"embeddable":true,"href":"https:\/\/just-diving.com\/index.php?rest_route=%2Fwp%2Fv2%2Fcomments&post=131"}],"version-history":[{"count":5,"href":"https:\/\/just-diving.com\/index.php?rest_route=\/wp\/v2\/pages\/131\/revisions"}],"predecessor-version":[{"id":694,"href":"https:\/\/just-diving.com\/index.php?rest_route=\/wp\/v2\/pages\/131\/revisions\/694"}],"wp:attachment":[{"href":"https:\/\/just-diving.com\/index.php?rest_route=%2Fwp%2Fv2%2Fmedia&parent=131"}],"curies":[{"name":"wp","href":"https:\/\/api.w.org\/{rel}","templated":true}]}}