{"id":128,"date":"2019-10-11T19:34:06","date_gmt":"2019-10-11T19:34:06","guid":{"rendered":"http:\/\/just-diving.com\/?page_id=128"},"modified":"2019-10-14T17:04:48","modified_gmt":"2019-10-14T17:04:48","slug":"dry-suit-diver","status":"publish","type":"page","link":"https:\/\/just-diving.com\/?page_id=128","title":{"rendered":"Dry Suit Diver"},"content":{"rendered":"<div>\n<p><strong>Beschreibung<\/strong><\/p>\n<\/div>\n<div>Das Ziel dieses Kurses ist, Tauchern die notwendigen Kenntnisse und Fertigkeiten zu vermitteln um beim Tauchen einen Trockentauchanzug sicher benutzen zu k\u00f6nnen.<\/div>\n<div>Weiterhin werden folgende Themen behandelt:<\/div>\n<ul>\n<li>Verschiedene Typen von Trockentauchanz\u00fcgen<\/li>\n<li>Zubeh\u00f6r<\/li>\n<li>Pflege und<\/li>\n<li>wie man kleinere Reparaturen durchf\u00fchrt<\/li>\n<\/ul>\n<p><strong>Teilnehmervoraussetzungen<\/strong>:<\/p>\n<ul>\n<li>SDI Open Water Scuba Diver oder vergleichbare Zertifizierung, oder aktuelle Einschreibung in einen dieser Kurse<\/li>\n<li>Mindestens 18 Jahre alt, 12 mit schriftlichem Einverst\u00e4ndnis des Erziehungsberechtigten<\/li>\n<\/ul>\n<p>&nbsp;<\/p>\n<p>Formulare zum Download<\/p>\n<p><a href=\"http:\/\/just-diving.com\/wp-content\/uploads\/2019\/10\/05-SDI-TDI-German-Medical-Statement-ausgef\u00fcllt.pdf\">SDI TDI German Medical Statement<\/a><\/p>\n<p><a href=\"http:\/\/just-diving.com\/wp-content\/uploads\/2019\/10\/03-SDI-German-Haftungsanerkennung-ausgef\u00fcllt.pdf\">SDI German Haftungsanerkennung<\/a><\/p>\n<p><a href=\"http:\/\/just-diving.com\/wp-content\/uploads\/2019\/10\/04-SDI-Genereller-Haftungsausschluss-und-Anerkennung-der-Risken.pdf\">SDI Genereller Haftungsausschluss und Anerkennung der Risken<\/a><\/p>\n<p><a href=\"http:\/\/just-diving.com\/wp-content\/uploads\/2019\/10\/02-Anmeldung-Kurs.pdf\">Anmeldung zum Kurs<\/a><\/p>\n<p>&nbsp;<\/p>\n<p>(Stand 01.01.2018)<\/p>\n<div><\/div>\n<p>&nbsp;<\/p>\n","protected":false},"excerpt":{"rendered":"<p>Beschreibung Das Ziel dieses Kurses ist, Tauchern die notwendigen Kenntnisse und Fertigkeiten zu vermitteln um beim Tauchen einen Trockentauchanzug sicher benutzen zu k\u00f6nnen. Weiterhin werden folgende Themen behandelt: Verschiedene Typen von Trockentauchanz\u00fcgen Zubeh\u00f6r Pflege und wie man kleinere Reparaturen durchf\u00fchrt&hellip; <\/p>\n","protected":false},"author":1,"featured_media":0,"parent":0,"menu_order":0,"comment_status":"closed","ping_status":"closed","template":"","meta":{"footnotes":""},"_links":{"self":[{"href":"https:\/\/just-diving.com\/index.php?rest_route=\/wp\/v2\/pages\/128"}],"collection":[{"href":"https:\/\/just-diving.com\/index.php?rest_route=\/wp\/v2\/pages"}],"about":[{"href":"https:\/\/just-diving.com\/index.php?rest_route=\/wp\/v2\/types\/page"}],"author":[{"embeddable":true,"href":"https:\/\/just-diving.com\/index.php?rest_route=\/wp\/v2\/users\/1"}],"replies":[{"embeddable":true,"href":"https:\/\/just-diving.com\/index.php?rest_route=%2Fwp%2Fv2%2Fcomments&post=128"}],"version-history":[{"count":4,"href":"https:\/\/just-diving.com\/index.php?rest_route=\/wp\/v2\/pages\/128\/revisions"}],"predecessor-version":[{"id":702,"href":"https:\/\/just-diving.com\/index.php?rest_route=\/wp\/v2\/pages\/128\/revisions\/702"}],"wp:attachment":[{"href":"https:\/\/just-diving.com\/index.php?rest_route=%2Fwp%2Fv2%2Fmedia&parent=128"}],"curies":[{"name":"wp","href":"https:\/\/api.w.org\/{rel}","templated":true}]}}