{"id":125,"date":"2019-10-11T19:32:54","date_gmt":"2019-10-11T19:32:54","guid":{"rendered":"http:\/\/just-diving.com\/?page_id=125"},"modified":"2019-10-14T17:04:27","modified_gmt":"2019-10-14T17:04:27","slug":"drift-diver","status":"publish","type":"page","link":"https:\/\/just-diving.com\/?page_id=125","title":{"rendered":"Drift Diver"},"content":{"rendered":"<div class=\"entry-content clearfix\">\n<div>\n<p><strong>Beschreibung<\/strong><\/p>\n<div>Dieser Kurs zeigt Tauchern die notwendigen Kenntnisse, Fertigkeiten und Techniken, die notwendig sind um Drifttauchg\u00e4nge sicher durchf\u00fchren zu k\u00f6nnen.<\/div>\n<\/div>\n<p><strong>Teilnehmervoraussetzungen<\/strong>:<\/p>\n<ul>\n<li>SDI Open Water Scuba Diver oder vergleichbare Zertifizierung, oder aktuelle Einschreibung in einendieser Kurse<\/li>\n<li>Mindestens 18 Jahre alt, 12 mit schriftlichem Einverst\u00e4ndnis des Erziehungsberechtigten<\/li>\n<\/ul>\n<\/div>\n<p>&nbsp;<\/p>\n<p>Formulare zum Download<\/p>\n<p><a href=\"http:\/\/just-diving.com\/wp-content\/uploads\/2019\/10\/05-SDI-TDI-German-Medical-Statement-ausgef\u00fcllt.pdf\">SDI TDI German Medical Statement<\/a><\/p>\n<p><a href=\"http:\/\/just-diving.com\/wp-content\/uploads\/2019\/10\/03-SDI-German-Haftungsanerkennung-ausgef\u00fcllt.pdf\">SDI German Haftungsanerkennung<\/a><\/p>\n<p><a href=\"http:\/\/just-diving.com\/wp-content\/uploads\/2019\/10\/04-SDI-Genereller-Haftungsausschluss-und-Anerkennung-der-Risken.pdf\">SDI Genereller Haftungsausschluss und Anerkennung der Risken<\/a><\/p>\n<p><a href=\"http:\/\/just-diving.com\/wp-content\/uploads\/2019\/10\/02-Anmeldung-Kurs.pdf\">Anmeldung zum Kurs<\/a><\/p>\n<div class=\"entry-content clearfix\">\n<p>&nbsp;<\/p>\n<p>(Stand 01.01.2018)<\/p>\n<\/div>\n","protected":false},"excerpt":{"rendered":"<p>Beschreibung Dieser Kurs zeigt Tauchern die notwendigen Kenntnisse, Fertigkeiten und Techniken, die notwendig sind um Drifttauchg\u00e4nge sicher durchf\u00fchren zu k\u00f6nnen. Teilnehmervoraussetzungen: SDI Open Water Scuba Diver oder vergleichbare Zertifizierung, oder aktuelle Einschreibung in einendieser Kurse Mindestens 18 Jahre alt, 12&hellip; <\/p>\n","protected":false},"author":1,"featured_media":0,"parent":0,"menu_order":0,"comment_status":"closed","ping_status":"closed","template":"","meta":{"footnotes":""},"_links":{"self":[{"href":"https:\/\/just-diving.com\/index.php?rest_route=\/wp\/v2\/pages\/125"}],"collection":[{"href":"https:\/\/just-diving.com\/index.php?rest_route=\/wp\/v2\/pages"}],"about":[{"href":"https:\/\/just-diving.com\/index.php?rest_route=\/wp\/v2\/types\/page"}],"author":[{"embeddable":true,"href":"https:\/\/just-diving.com\/index.php?rest_route=\/wp\/v2\/users\/1"}],"replies":[{"embeddable":true,"href":"https:\/\/just-diving.com\/index.php?rest_route=%2Fwp%2Fv2%2Fcomments&post=125"}],"version-history":[{"count":4,"href":"https:\/\/just-diving.com\/index.php?rest_route=\/wp\/v2\/pages\/125\/revisions"}],"predecessor-version":[{"id":701,"href":"https:\/\/just-diving.com\/index.php?rest_route=\/wp\/v2\/pages\/125\/revisions\/701"}],"wp:attachment":[{"href":"https:\/\/just-diving.com\/index.php?rest_route=%2Fwp%2Fv2%2Fmedia&parent=125"}],"curies":[{"name":"wp","href":"https:\/\/api.w.org\/{rel}","templated":true}]}}