{"id":119,"date":"2019-10-11T19:30:11","date_gmt":"2019-10-11T19:30:11","guid":{"rendered":"http:\/\/just-diving.com\/?page_id=119"},"modified":"2019-10-14T17:03:49","modified_gmt":"2019-10-14T17:03:49","slug":"deep-diver","status":"publish","type":"page","link":"https:\/\/just-diving.com\/?page_id=119","title":{"rendered":"Deep Diver"},"content":{"rendered":"<p><strong><span style=\"font-size: 1.0625rem;\">Beschreibung<\/span><\/strong><\/p>\n<div>Das Ziel dieses Kurses ist, Tauchern die notwendigen Kenntnisse und Fertigkeiten zu vermitteln, um Tauchg\u00e4nge planen und durchf\u00fchren zu k\u00f6nnen die jenseits der Tiefen liegen, die w\u00e4hrend des SDI Open Water Scuba Diver Kurses getaucht wurden, spezifisch tiefer als 18 Meter\/ 60 Fu\u00df und mit einer maximalen Tiefe von nicht mehr als 40 Meter\/ 130 Fu\u00df.<\/div>\n<div>\n<p><strong>Teilnehmervoraussetzungen<\/strong>:<\/p>\n<ul>\n<li>SDI Open Water Scuba Diver, SDI Junior Open Water Scuba Diver oder vergleichbar<\/li>\n<li>Mindestens 18 Jahre alt, 10 mit schriftlichem Einverst\u00e4ndnis des Erziehungsberechtigten<\/li>\n<\/ul>\n<\/div>\n<p>&nbsp;<\/p>\n<p>Formulare zum Download<\/p>\n<p><a href=\"http:\/\/just-diving.com\/wp-content\/uploads\/2019\/10\/05-SDI-TDI-German-Medical-Statement-ausgef\u00fcllt.pdf\">SDI TDI German Medical Statement<\/a><\/p>\n<p><a href=\"http:\/\/just-diving.com\/wp-content\/uploads\/2019\/10\/03-SDI-German-Haftungsanerkennung-ausgef\u00fcllt.pdf\">SDI German Haftungsanerkennung<\/a><\/p>\n<p><a href=\"http:\/\/just-diving.com\/wp-content\/uploads\/2019\/10\/04-SDI-Genereller-Haftungsausschluss-und-Anerkennung-der-Risken.pdf\">SDI Genereller Haftungsausschluss und Anerkennung der Risken<\/a><\/p>\n<p><a href=\"http:\/\/just-diving.com\/wp-content\/uploads\/2019\/10\/02-Anmeldung-Kurs.pdf\">Anmeldung zum Kurs<\/a><\/p>\n<div>\n<p>&nbsp;<\/p>\n<p>(Stand 01.01.2018)<\/p>\n<\/div>\n","protected":false},"excerpt":{"rendered":"<p>Beschreibung Das Ziel dieses Kurses ist, Tauchern die notwendigen Kenntnisse und Fertigkeiten zu vermitteln, um Tauchg\u00e4nge planen und durchf\u00fchren zu k\u00f6nnen die jenseits der Tiefen liegen, die w\u00e4hrend des SDI Open Water Scuba Diver Kurses getaucht wurden, spezifisch tiefer als&hellip; <\/p>\n","protected":false},"author":1,"featured_media":0,"parent":0,"menu_order":0,"comment_status":"closed","ping_status":"closed","template":"","meta":{"footnotes":""},"_links":{"self":[{"href":"https:\/\/just-diving.com\/index.php?rest_route=\/wp\/v2\/pages\/119"}],"collection":[{"href":"https:\/\/just-diving.com\/index.php?rest_route=\/wp\/v2\/pages"}],"about":[{"href":"https:\/\/just-diving.com\/index.php?rest_route=\/wp\/v2\/types\/page"}],"author":[{"embeddable":true,"href":"https:\/\/just-diving.com\/index.php?rest_route=\/wp\/v2\/users\/1"}],"replies":[{"embeddable":true,"href":"https:\/\/just-diving.com\/index.php?rest_route=%2Fwp%2Fv2%2Fcomments&post=119"}],"version-history":[{"count":4,"href":"https:\/\/just-diving.com\/index.php?rest_route=\/wp\/v2\/pages\/119\/revisions"}],"predecessor-version":[{"id":699,"href":"https:\/\/just-diving.com\/index.php?rest_route=\/wp\/v2\/pages\/119\/revisions\/699"}],"wp:attachment":[{"href":"https:\/\/just-diving.com\/index.php?rest_route=%2Fwp%2Fv2%2Fmedia&parent=119"}],"curies":[{"name":"wp","href":"https:\/\/api.w.org\/{rel}","templated":true}]}}