{"id":116,"date":"2019-10-11T19:27:35","date_gmt":"2019-10-11T19:27:35","guid":{"rendered":"http:\/\/just-diving.com\/?page_id=116"},"modified":"2019-10-14T16:58:03","modified_gmt":"2019-10-14T16:58:03","slug":"boat-diver","status":"publish","type":"page","link":"https:\/\/just-diving.com\/?page_id=116","title":{"rendered":"Boat Diver"},"content":{"rendered":"<p><strong>Beschreibung<\/strong><\/p>\n<p>Tauchen vom Boot aus, ist eigentlich etwas, dass jeden Tag gemacht wird. Sicher gibt es Ausnahmen. aber sei es nun auf einem privaten Boot oder auf einem der vielen Charterboote die es weltweit gibt. Jedoch sind sich Taucher nicht immer \u00fcber die bestimmten Verhaltens- und Verfahrensweisen an Bord bewusst. Dieser Kurs soll dir diese Verhaltens- und Verfahrensweisen n\u00e4her bringen, um ein Maximum an Sicherheit zu erreichen.<\/p>\n<p><strong> Teilnehmervoraussetzungen<\/strong><br \/>\n1. SDI Open Water Scuba Diver, SDI Junior Open Water Scuba Diver, oder vergleichbare Zertifizierung, oder<br \/>\naktuelle Einschreibung in einen dieser Kurse<\/p>\n<p>2. Mindestens 18 Jahre alt, 10 mit schriftlichem Einverst\u00e4ndnis des Erziehungsberechtigten<\/p>\n<p><strong>Kursstruktur und -dauer\u00a0Freiwasserausf\u00fchrung<\/strong><br \/>\n1. 2 Tauchg\u00e4nge sind vorgeschrieben, inklusiv der dazu geh\u00f6renden Briefings und Debriefings durch den<br \/>\nInstructor<\/p>\n<p>2. Tauchpl\u00e4ne m\u00fcssen Nullzeitgrenzen, Oberfl\u00e4chenpausen usw. enthalten. Tauchg\u00e4nge m\u00fcssen geloggt<br \/>\nwerden<\/p>\n<p>3. Alle Tauchg\u00e4nge m\u00fcssen von einem Boot aus durchgef\u00fchrt werden.<\/p>\n<p>&nbsp;<\/p>\n<p>Formulare zum Download<\/p>\n<p><a href=\"http:\/\/just-diving.com\/wp-content\/uploads\/2019\/10\/05-SDI-TDI-German-Medical-Statement-ausgef\u00fcllt.pdf\">SDI TDI German Medical Statement<\/a><\/p>\n<p><a href=\"http:\/\/just-diving.com\/wp-content\/uploads\/2019\/10\/03-SDI-German-Haftungsanerkennung-ausgef\u00fcllt.pdf\">SDI German Haftungsanerkennung<\/a><\/p>\n<p><a href=\"http:\/\/just-diving.com\/wp-content\/uploads\/2019\/10\/04-SDI-Genereller-Haftungsausschluss-und-Anerkennung-der-Risken.pdf\">SDI Genereller Haftungsausschluss und Anerkennung der Risken<\/a><\/p>\n<p><a href=\"http:\/\/just-diving.com\/wp-content\/uploads\/2019\/10\/02-Anmeldung-Kurs.pdf\">Anmeldung zum Kurs<\/a><\/p>\n<p>(Stand 01.01.2018)<\/p>\n","protected":false},"excerpt":{"rendered":"<p>Beschreibung Tauchen vom Boot aus, ist eigentlich etwas, dass jeden Tag gemacht wird. Sicher gibt es Ausnahmen. aber sei es nun auf einem privaten Boot oder auf einem der vielen Charterboote die es weltweit gibt. Jedoch sind sich Taucher nicht&hellip; <\/p>\n","protected":false},"author":1,"featured_media":0,"parent":0,"menu_order":0,"comment_status":"closed","ping_status":"closed","template":"","meta":{"footnotes":""},"_links":{"self":[{"href":"https:\/\/just-diving.com\/index.php?rest_route=\/wp\/v2\/pages\/116"}],"collection":[{"href":"https:\/\/just-diving.com\/index.php?rest_route=\/wp\/v2\/pages"}],"about":[{"href":"https:\/\/just-diving.com\/index.php?rest_route=\/wp\/v2\/types\/page"}],"author":[{"embeddable":true,"href":"https:\/\/just-diving.com\/index.php?rest_route=\/wp\/v2\/users\/1"}],"replies":[{"embeddable":true,"href":"https:\/\/just-diving.com\/index.php?rest_route=%2Fwp%2Fv2%2Fcomments&post=116"}],"version-history":[{"count":6,"href":"https:\/\/just-diving.com\/index.php?rest_route=\/wp\/v2\/pages\/116\/revisions"}],"predecessor-version":[{"id":692,"href":"https:\/\/just-diving.com\/index.php?rest_route=\/wp\/v2\/pages\/116\/revisions\/692"}],"wp:attachment":[{"href":"https:\/\/just-diving.com\/index.php?rest_route=%2Fwp%2Fv2%2Fmedia&parent=116"}],"curies":[{"name":"wp","href":"https:\/\/api.w.org\/{rel}","templated":true}]}}