{"id":113,"date":"2019-10-11T19:26:37","date_gmt":"2019-10-11T19:26:37","guid":{"rendered":"http:\/\/just-diving.com\/?page_id=113"},"modified":"2019-10-14T17:03:29","modified_gmt":"2019-10-14T17:03:29","slug":"altitude-diver","status":"publish","type":"page","link":"https:\/\/just-diving.com\/?page_id=113","title":{"rendered":"Altitude Diver"},"content":{"rendered":"<div id=\"col3_innen\">\n<div id=\"c479\">\n<div>\n<p><strong>Beschreibung<\/strong><\/p>\n<\/div>\n<div>Das Ziel dieses Kurses ist es, dem Tauchsch\u00fcler die notwendigen Kenntnisse und Fertigkeiten zu vermitteln, die in der Anwendung n\u00f6tig sind, um in Tauchumgebungen, in H\u00f6hen oberhalb des Meeresspiegels, Tauchg\u00e4nge sicher planen und durchf\u00fchren zu k\u00f6nnen.<\/div>\n<\/div>\n<\/div>\n<div>\n<div><\/div>\n<p><strong>Teilnehmervoraussetzungen<\/strong>:<\/p>\n<ul>\n<li>SDI Open Water Scuba Diver, SDI Junior Open Water Scuba Diver, oder vergleichbare Zertifizierung, oder aktuelle Einschreibung in einen dieser Kurse<\/li>\n<li>Mindestens 18 Jahre alt, 10 mit schriftlichem Einverst\u00e4ndnis des Erziehungsberechtigten<\/li>\n<\/ul>\n<\/div>\n<p>&nbsp;<\/p>\n<p>Formulare zum Download<\/p>\n<p><a href=\"http:\/\/just-diving.com\/wp-content\/uploads\/2019\/10\/05-SDI-TDI-German-Medical-Statement-ausgef\u00fcllt.pdf\">SDI TDI German Medical Statement<\/a><\/p>\n<p><a href=\"http:\/\/just-diving.com\/wp-content\/uploads\/2019\/10\/03-SDI-German-Haftungsanerkennung-ausgef\u00fcllt.pdf\">SDI German Haftungsanerkennung<\/a><\/p>\n<p><a href=\"http:\/\/just-diving.com\/wp-content\/uploads\/2019\/10\/04-SDI-Genereller-Haftungsausschluss-und-Anerkennung-der-Risken.pdf\">SDI Genereller Haftungsausschluss und Anerkennung der Risken<\/a><\/p>\n<p><a href=\"http:\/\/just-diving.com\/wp-content\/uploads\/2019\/10\/02-Anmeldung-Kurs.pdf\">Anmeldung zum Kurs<\/a><\/p>\n<div>\n<p>&nbsp;<\/p>\n<p>(Stand 01.01.2018)<\/p>\n<\/div>\n","protected":false},"excerpt":{"rendered":"<p>Beschreibung Das Ziel dieses Kurses ist es, dem Tauchsch\u00fcler die notwendigen Kenntnisse und Fertigkeiten zu vermitteln, die in der Anwendung n\u00f6tig sind, um in Tauchumgebungen, in H\u00f6hen oberhalb des Meeresspiegels, Tauchg\u00e4nge sicher planen und durchf\u00fchren zu k\u00f6nnen. Teilnehmervoraussetzungen: SDI Open&hellip; <\/p>\n","protected":false},"author":1,"featured_media":0,"parent":0,"menu_order":0,"comment_status":"closed","ping_status":"closed","template":"","meta":{"footnotes":""},"_links":{"self":[{"href":"https:\/\/just-diving.com\/index.php?rest_route=\/wp\/v2\/pages\/113"}],"collection":[{"href":"https:\/\/just-diving.com\/index.php?rest_route=\/wp\/v2\/pages"}],"about":[{"href":"https:\/\/just-diving.com\/index.php?rest_route=\/wp\/v2\/types\/page"}],"author":[{"embeddable":true,"href":"https:\/\/just-diving.com\/index.php?rest_route=\/wp\/v2\/users\/1"}],"replies":[{"embeddable":true,"href":"https:\/\/just-diving.com\/index.php?rest_route=%2Fwp%2Fv2%2Fcomments&post=113"}],"version-history":[{"count":5,"href":"https:\/\/just-diving.com\/index.php?rest_route=\/wp\/v2\/pages\/113\/revisions"}],"predecessor-version":[{"id":698,"href":"https:\/\/just-diving.com\/index.php?rest_route=\/wp\/v2\/pages\/113\/revisions\/698"}],"wp:attachment":[{"href":"https:\/\/just-diving.com\/index.php?rest_route=%2Fwp%2Fv2%2Fmedia&parent=113"}],"curies":[{"name":"wp","href":"https:\/\/api.w.org\/{rel}","templated":true}]}}