{"id":110,"date":"2019-10-11T19:25:34","date_gmt":"2019-10-11T19:25:34","guid":{"rendered":"http:\/\/just-diving.com\/?page_id=110"},"modified":"2019-10-14T17:03:03","modified_gmt":"2019-10-14T17:03:03","slug":"advanced-buoyancy-control","status":"publish","type":"page","link":"https:\/\/just-diving.com\/?page_id=110","title":{"rendered":"Advanced Buoyancy Control"},"content":{"rendered":"<div id=\"c477\">\n<div>\n<p><strong>Beschreibung<\/strong><\/p>\n<\/div>\n<div>Einem Taucher die Vorteile der guten Tarierungskontrolle zu lehren hat normalerweise einen positiven Effekt auf den Taucher. Dieser Effekt f\u00fchrt dazu, dass sich Taucher unter Wasser sicherer und somit wohler f\u00fchlen.<\/div>\n<div>Dieses Specialty ist dazu gedacht dem Taucher die verschiedenen Einfl\u00fcsse auf seine Tarierung verst\u00e4ndlich n\u00e4her zu bringen, und damit seine Tarierung besser kontrollieren zu k\u00f6nnen. Die Unterschied von S\u00fc\u00df- zu Salzwasser k\u00f6nnen nicht oft genug genannt werden. Dadurch erlangt der Taucher eine bessere Kontrolle \u00fcber sich selbst und auch f\u00fcr die Umgebung.<\/div>\n<\/div>\n<div>\n<h3>Teilnehmervoraussetzungen:<\/h3>\n<ul>\n<li>SDI Open Water Scuba Diver, SDI Junior Open Water Scuba Diver oder vergleichbar<\/li>\n<li>Mindestens 18 Jahre alt, 10 mit schriftlichem Einverst\u00e4ndnis des Erziehungsberechtigten<\/li>\n<\/ul>\n<p>&nbsp;<\/p>\n<p>Formulare zum Download<\/p>\n<p><a href=\"http:\/\/just-diving.com\/wp-content\/uploads\/2019\/10\/05-SDI-TDI-German-Medical-Statement-ausgef\u00fcllt.pdf\">SDI TDI German Medical Statement<\/a><\/p>\n<p><a href=\"http:\/\/just-diving.com\/wp-content\/uploads\/2019\/10\/03-SDI-German-Haftungsanerkennung-ausgef\u00fcllt.pdf\">SDI German Haftungsanerkennung<\/a><\/p>\n<p><a href=\"http:\/\/just-diving.com\/wp-content\/uploads\/2019\/10\/04-SDI-Genereller-Haftungsausschluss-und-Anerkennung-der-Risken.pdf\">SDI Genereller Haftungsausschluss und Anerkennung der Risken<\/a><\/p>\n<p><a href=\"http:\/\/just-diving.com\/wp-content\/uploads\/2019\/10\/02-Anmeldung-Kurs.pdf\">Anmeldung zum Kurs<\/a><\/p>\n<p>&nbsp;<\/p>\n<p>(Stand 01.01.2018)<\/p>\n<\/div>\n","protected":false},"excerpt":{"rendered":"<p>Beschreibung Einem Taucher die Vorteile der guten Tarierungskontrolle zu lehren hat normalerweise einen positiven Effekt auf den Taucher. Dieser Effekt f\u00fchrt dazu, dass sich Taucher unter Wasser sicherer und somit wohler f\u00fchlen. Dieses Specialty ist dazu gedacht dem Taucher die&hellip; <\/p>\n","protected":false},"author":1,"featured_media":0,"parent":0,"menu_order":0,"comment_status":"closed","ping_status":"closed","template":"","meta":{"footnotes":""},"_links":{"self":[{"href":"https:\/\/just-diving.com\/index.php?rest_route=\/wp\/v2\/pages\/110"}],"collection":[{"href":"https:\/\/just-diving.com\/index.php?rest_route=\/wp\/v2\/pages"}],"about":[{"href":"https:\/\/just-diving.com\/index.php?rest_route=\/wp\/v2\/types\/page"}],"author":[{"embeddable":true,"href":"https:\/\/just-diving.com\/index.php?rest_route=\/wp\/v2\/users\/1"}],"replies":[{"embeddable":true,"href":"https:\/\/just-diving.com\/index.php?rest_route=%2Fwp%2Fv2%2Fcomments&post=110"}],"version-history":[{"count":4,"href":"https:\/\/just-diving.com\/index.php?rest_route=\/wp\/v2\/pages\/110\/revisions"}],"predecessor-version":[{"id":696,"href":"https:\/\/just-diving.com\/index.php?rest_route=\/wp\/v2\/pages\/110\/revisions\/696"}],"wp:attachment":[{"href":"https:\/\/just-diving.com\/index.php?rest_route=%2Fwp%2Fv2%2Fmedia&parent=110"}],"curies":[{"name":"wp","href":"https:\/\/api.w.org\/{rel}","templated":true}]}}