{"id":106,"date":"2019-10-11T19:22:45","date_gmt":"2019-10-11T19:22:45","guid":{"rendered":"http:\/\/just-diving.com\/?page_id=106"},"modified":"2019-10-19T08:13:19","modified_gmt":"2019-10-19T08:13:19","slug":"advanced-adventure-diver-2","status":"publish","type":"page","link":"https:\/\/just-diving.com\/?page_id=106","title":{"rendered":"Advanced Adventure Diver"},"content":{"rendered":"<header class=\"entry-header\"><strong>Beschreibung<\/strong><\/p>\n<p class=\"entry-title \"><span style=\"font-size: 1.0625rem;\">Der Hintergrund dieses Kurses ist den Tauchern eine \u00dcbersicht \u00fcber 5 verschiedene Specialties, 2 Pflichtund 3 Wahltauchg\u00e4nge von anderen SDI Specialties zu geben. Die beiden Pflichttauchg\u00e4nge sind: SDI Tieftauchen und SDI Navigation. Jeder dieser 5 Tauchg\u00e4nge kann als erster Tauchgang auf das entsprechende Specialty angerechnet werden.<\/span><\/p>\n<\/header>\n<div class=\"entry-content\">\n<p>Tauchumgebungen, bei denen kein direktes Auftauchen nach oben (H\u00f6hlen usw.) m\u00f6glich ist, sind nicht erlaubt. Wenn SDI Computer Nitrox gew\u00e4hlt wurde, muss der Instructor als SDI Computer Nitrox Instructor zertifiziert sein. Es ist angeraten w\u00e4hrend dieses Progamms an der Tarierungskontrolle des Tauchsch\u00fclers zu arbeiten, dies kann auch als einer der f\u00fcnf vorgeschriebenen Specialtytauchg\u00e4nge gez\u00e4hlt werden.<\/p>\n<p><strong>Teilnehmervoraussetzungen<\/strong><\/p>\n<ol>\n<li>SDI Open Water Scuba Diver, SDI Junior Open Water Scuba Diver, oder vergleichbare Zertifizierung; Junior Open Water Diver d\u00fcrfen nur an den Specialty Tauchg\u00e4ngen teilnehmen, die f\u00fcr das entsprechend Alter erlaubt sind<\/li>\n<li>Mindestens 18 Jahre alt, 10 mit schriftlichem Einverst\u00e4ndnis des Erziehungsberechtigten<\/li>\n<\/ol>\n<p>&nbsp;<\/p>\n<p><a href=\"https:\/\/www.shop-jd.de\/p\/sdi-advanced-adventure-diver-nur-zertifizierung\">Direkt im Shop bestellen<\/a><\/p>\n<p>Formulare zum Download<\/p>\n<p><a href=\"http:\/\/just-diving.com\/wp-content\/uploads\/2019\/10\/05-SDI-TDI-German-Medical-Statement-ausgef\u00fcllt.pdf\">SDI TDI German Medical Statement<\/a><\/p>\n<p><a href=\"http:\/\/just-diving.com\/wp-content\/uploads\/2019\/10\/03-SDI-German-Haftungsanerkennung-ausgef\u00fcllt.pdf\">SDI German Haftungsanerkennung<\/a><\/p>\n<p><a href=\"http:\/\/just-diving.com\/wp-content\/uploads\/2019\/10\/04-SDI-Genereller-Haftungsausschluss-und-Anerkennung-der-Risken.pdf\">SDI Genereller Haftungsausschluss und Anerkennung der Risken<\/a><\/p>\n<p><a href=\"http:\/\/just-diving.com\/wp-content\/uploads\/2019\/10\/02-Anmeldung-Kurs.pdf\">Anmeldung zum Kurs<\/a><\/p>\n<\/div>\n<p>&nbsp;<\/p>\n","protected":false},"excerpt":{"rendered":"<p>Beschreibung Der Hintergrund dieses Kurses ist den Tauchern eine \u00dcbersicht \u00fcber 5 verschiedene Specialties, 2 Pflichtund 3 Wahltauchg\u00e4nge von anderen SDI Specialties zu geben. Die beiden Pflichttauchg\u00e4nge sind: SDI Tieftauchen und SDI Navigation. Jeder dieser 5 Tauchg\u00e4nge kann als erster&hellip; <\/p>\n","protected":false},"author":1,"featured_media":0,"parent":0,"menu_order":0,"comment_status":"closed","ping_status":"closed","template":"","meta":{"footnotes":""},"_links":{"self":[{"href":"https:\/\/just-diving.com\/index.php?rest_route=\/wp\/v2\/pages\/106"}],"collection":[{"href":"https:\/\/just-diving.com\/index.php?rest_route=\/wp\/v2\/pages"}],"about":[{"href":"https:\/\/just-diving.com\/index.php?rest_route=\/wp\/v2\/types\/page"}],"author":[{"embeddable":true,"href":"https:\/\/just-diving.com\/index.php?rest_route=\/wp\/v2\/users\/1"}],"replies":[{"embeddable":true,"href":"https:\/\/just-diving.com\/index.php?rest_route=%2Fwp%2Fv2%2Fcomments&post=106"}],"version-history":[{"count":9,"href":"https:\/\/just-diving.com\/index.php?rest_route=\/wp\/v2\/pages\/106\/revisions"}],"predecessor-version":[{"id":577,"href":"https:\/\/just-diving.com\/index.php?rest_route=\/wp\/v2\/pages\/106\/revisions\/577"}],"wp:attachment":[{"href":"https:\/\/just-diving.com\/index.php?rest_route=%2Fwp%2Fv2%2Fmedia&parent=106"}],"curies":[{"name":"wp","href":"https:\/\/api.w.org\/{rel}","templated":true}]}}